{"id":1162,"date":"2021-10-29T16:57:12","date_gmt":"2021-10-29T16:57:12","guid":{"rendered":"http:\/\/femzol.hu\/?page_id=1162"},"modified":"2022-01-12T13:09:49","modified_gmt":"2022-01-12T13:09:49","slug":"allas","status":"publish","type":"page","link":"https:\/\/femzol.hu\/de\/allas\/","title":{"rendered":"Unsere aktuellen Stellenangebote"},"content":{"rendered":"<div data-elementor-type=\"wp-page\" data-elementor-id=\"1162\" class=\"elementor elementor-1162\">\n\t\t\t\t\t\t\t\t\t<section class=\"elementor-section elementor-top-section elementor-element elementor-element-65b4374 elementor-section-full_width elementor-section-height-min-height elementor-section-height-default elementor-section-items-middle\" data-id=\"65b4374\" data-element_type=\"section\" data-settings=\"{&quot;background_background&quot;:&quot;classic&quot;}\">\n\t\t\t\t\t\t<div class=\"elementor-container elementor-column-gap-no\">\n\t\t\t\t\t<div class=\"elementor-column elementor-col-100 elementor-top-column elementor-element elementor-element-7cacec7\" data-id=\"7cacec7\" data-element_type=\"column\">\n\t\t\t<div class=\"elementor-widget-wrap\">\n\t\t\t\t\t\t\t\t\t<\/div>\n\t\t<\/div>\n\t\t\t\t\t\t\t<\/div>\n\t\t<\/section>\n\t\t\t\t<section class=\"elementor-section elementor-top-section elementor-element elementor-element-3d3cae2 elementor-section-height-min-height elementor-section-boxed elementor-section-height-default elementor-section-items-middle\" data-id=\"3d3cae2\" data-element_type=\"section\" data-settings=\"{&quot;background_background&quot;:&quot;classic&quot;}\">\n\t\t\t\t\t\t\t<div class=\"elementor-background-overlay\"><\/div>\n\t\t\t\t\t\t\t<div class=\"elementor-container elementor-column-gap-default\">\n\t\t\t\t\t<div class=\"elementor-column elementor-col-100 elementor-top-column elementor-element elementor-element-4fb69d4\" data-id=\"4fb69d4\" data-element_type=\"column\">\n\t\t\t<div class=\"elementor-widget-wrap elementor-element-populated\">\n\t\t\t\t\t\t\t\t<div class=\"elementor-element elementor-element-d4a9f67 elementor-widget elementor-widget-heading\" data-id=\"d4a9f67\" data-element_type=\"widget\" data-widget_type=\"heading.default\">\n\t\t\t\t<div class=\"elementor-widget-container\">\n\t\t\t<style>\/*! elementor - v3.7.1 - 14-08-2022 *\/\n.elementor-heading-title{padding:0;margin:0;line-height:1}.elementor-widget-heading .elementor-heading-title[class*=elementor-size-]>a{color:inherit;font-size:inherit;line-height:inherit}.elementor-widget-heading .elementor-heading-title.elementor-size-small{font-size:15px}.elementor-widget-heading .elementor-heading-title.elementor-size-medium{font-size:19px}.elementor-widget-heading .elementor-heading-title.elementor-size-large{font-size:29px}.elementor-widget-heading .elementor-heading-title.elementor-size-xl{font-size:39px}.elementor-widget-heading .elementor-heading-title.elementor-size-xxl{font-size:59px}<\/style><h2 class=\"elementor-heading-title elementor-size-medium\">Qualit\u00e4tskontrolle<\/h2>\t\t<\/div>\n\t\t\t\t<\/div>\n\t\t\t\t<div class=\"elementor-element elementor-element-8d5e7f6 elementor-widget elementor-widget-heading\" data-id=\"8d5e7f6\" data-element_type=\"widget\" data-widget_type=\"heading.default\">\n\t\t\t\t<div class=\"elementor-widget-container\">\n\t\t\t<h2 class=\"elementor-heading-title elementor-size-medium\">Sz\u00e9kesfeh\u00e9rv\u00e1r, Oroszl\u00e1ny, Tatab\u00e1nya, Kisb\u00e9r, Mosonmagyar\u00f3v\u00e1r<\/h2>\t\t<\/div>\n\t\t\t\t<\/div>\n\t\t\t\t<section class=\"elementor-section elementor-inner-section elementor-element elementor-element-9c074fd elementor-section-boxed elementor-section-height-default elementor-section-height-default\" data-id=\"9c074fd\" data-element_type=\"section\">\n\t\t\t\t\t\t<div class=\"elementor-container elementor-column-gap-default\">\n\t\t\t\t\t<div class=\"elementor-column elementor-col-50 elementor-inner-column elementor-element elementor-element-3a99fdd\" data-id=\"3a99fdd\" data-element_type=\"column\">\n\t\t\t<div class=\"elementor-widget-wrap elementor-element-populated\">\n\t\t\t\t\t\t\t\t<div class=\"elementor-element elementor-element-a4c84e0 elementor-widget elementor-widget-text-editor\" data-id=\"a4c84e0\" data-element_type=\"widget\" data-widget_type=\"text-editor.default\">\n\t\t\t\t<div class=\"elementor-widget-container\">\n\t\t\t<style>\/*! elementor - v3.7.1 - 14-08-2022 *\/\n.elementor-widget-text-editor.elementor-drop-cap-view-stacked .elementor-drop-cap{background-color:#818a91;color:#fff}.elementor-widget-text-editor.elementor-drop-cap-view-framed .elementor-drop-cap{color:#818a91;border:3px solid;background-color:transparent}.elementor-widget-text-editor:not(.elementor-drop-cap-view-default) .elementor-drop-cap{margin-top:8px}.elementor-widget-text-editor:not(.elementor-drop-cap-view-default) .elementor-drop-cap-letter{width:1em;height:1em}.elementor-widget-text-editor .elementor-drop-cap{float:left;text-align:center;line-height:1;font-size:50px}.elementor-widget-text-editor .elementor-drop-cap-letter{display:inline-block}<\/style>\t\t\t\t<h6>Erwartung:<\/h6><ul><li>Grundschulbildung (Vorteil der Sekundarschulbildung);<\/li><li>Monotonietoleranz;<\/li><li>pr\u00e4zises, pr\u00e4zises, sicheres Arbeiten;<\/li><li>erfolgreicher Abschluss des Testschreibens und anschlie\u00dfendem pers\u00f6nlichen Gespr\u00e4ch;<\/li><li>Erfahrung in einer \u00e4hnlichen T\u00e4tigkeit von Vorteil;<\/li><li>von Vorteil sind mehrere Schichten oder Wochenendschichten.<\/li><\/ul><h6>Was wir anbieten:<\/h6><ul><li>wettbewerbsf\u00e4hige L\u00f6hne;<\/li><li>30% Schichtzulage;<\/li><li>\u00dcberstundenoption nach Mt.;<\/li><li>Fahrt zur Arbeit und\/oder Erstattung eines Fernverkehrspasses f\u00fcr 100%;<\/li><li>Bei einer Entfernung von mehr als 100 km Mietunterst\u00fctzung am Arbeitsplatz;<\/li><li>langfristige Besch\u00e4ftigungsm\u00f6glichkeit.<\/li><\/ul>\t\t\t\t\t\t<\/div>\n\t\t\t\t<\/div>\n\t\t\t\t\t<\/div>\n\t\t<\/div>\n\t\t\t\t<div class=\"elementor-column elementor-col-50 elementor-inner-column elementor-element elementor-element-0bdfa92\" data-id=\"0bdfa92\" data-element_type=\"column\">\n\t\t\t<div class=\"elementor-widget-wrap elementor-element-populated\">\n\t\t\t\t\t\t\t\t<div class=\"elementor-element elementor-element-e62e969 elementor-widget elementor-widget-image\" data-id=\"e62e969\" data-element_type=\"widget\" data-widget_type=\"image.default\">\n\t\t\t\t<div class=\"elementor-widget-container\">\n\t\t\t<style>\/*! elementor - v3.7.1 - 14-08-2022 *\/\n.elementor-widget-image{text-align:center}.elementor-widget-image a{display:inline-block}.elementor-widget-image a img[src$=\".svg\"]{width:48px}.elementor-widget-image img{vertical-align:middle;display:inline-block}<\/style>\t\t\t\t\t\t\t\t\t\t\t\t<img loading=\"lazy\" decoding=\"async\" width=\"800\" height=\"450\" src=\"https:\/\/femzol.hu\/wp-content\/uploads\/2021\/12\/1-Blogpicture18-10-06-485-1-1024x576.jpg\" class=\"attachment-large size-large\" alt=\"\" srcset=\"https:\/\/femzol.hu\/wp-content\/uploads\/2021\/12\/1-Blogpicture18-10-06-485-1-1024x576.jpg 1024w, https:\/\/femzol.hu\/wp-content\/uploads\/2021\/12\/1-Blogpicture18-10-06-485-1-300x169.jpg 300w, https:\/\/femzol.hu\/wp-content\/uploads\/2021\/12\/1-Blogpicture18-10-06-485-1-768x432.jpg 768w, https:\/\/femzol.hu\/wp-content\/uploads\/2021\/12\/1-Blogpicture18-10-06-485-1-18x10.jpg 18w, https:\/\/femzol.hu\/wp-content\/uploads\/2021\/12\/1-Blogpicture18-10-06-485-1-600x338.jpg 600w, https:\/\/femzol.hu\/wp-content\/uploads\/2021\/12\/1-Blogpicture18-10-06-485-1.jpg 1400w\" sizes=\"(max-width: 800px) 100vw, 800px\" \/>\t\t\t\t\t\t\t\t\t\t\t\t\t\t\t<\/div>\n\t\t\t\t<\/div>\n\t\t\t\t\t<\/div>\n\t\t<\/div>\n\t\t\t\t\t\t\t<\/div>\n\t\t<\/section>\n\t\t\t\t<div class=\"elementor-element elementor-element-567c2b4 elementor-mobile-align-left elementor-align-left elementor-widget elementor-widget-button\" data-id=\"567c2b4\" data-element_type=\"widget\" data-widget_type=\"button.default\">\n\t\t\t\t<div class=\"elementor-widget-container\">\n\t\t\t\t\t<div class=\"elementor-button-wrapper\">\n\t\t\t<a href=\"https:\/\/femzol.hu\/de\/job-kapcsolat\/\" class=\"elementor-button-link elementor-button elementor-size-sm\" role=\"button\">\n\t\t\t\t\t\t<span class=\"elementor-button-content-wrapper\">\n\t\t\t\t\t\t<span class=\"elementor-button-text\">Kontakt<\/span>\n\t\t<\/span>\n\t\t\t\t\t<\/a>\n\t\t<\/div>\n\t\t\t\t<\/div>\n\t\t\t\t<\/div>\n\t\t\t\t\t<\/div>\n\t\t<\/div>\n\t\t\t\t\t\t\t<\/div>\n\t\t<\/section>\n\t\t\t\t<section class=\"elementor-section elementor-top-section elementor-element elementor-element-ffaf9ea elementor-section-height-min-height elementor-section-boxed elementor-section-height-default elementor-section-items-middle\" data-id=\"ffaf9ea\" data-element_type=\"section\" data-settings=\"{&quot;background_background&quot;:&quot;classic&quot;}\">\n\t\t\t\t\t\t\t<div class=\"elementor-background-overlay\"><\/div>\n\t\t\t\t\t\t\t<div class=\"elementor-container elementor-column-gap-default\">\n\t\t\t\t\t<div class=\"elementor-column elementor-col-100 elementor-top-column elementor-element elementor-element-3671345\" data-id=\"3671345\" data-element_type=\"column\">\n\t\t\t<div class=\"elementor-widget-wrap elementor-element-populated\">\n\t\t\t\t\t\t\t\t<div class=\"elementor-element elementor-element-2b7d8dc elementor-widget elementor-widget-heading\" data-id=\"2b7d8dc\" data-element_type=\"widget\" data-widget_type=\"heading.default\">\n\t\t\t\t<div class=\"elementor-widget-container\">\n\t\t\t<h2 class=\"elementor-heading-title elementor-size-medium\">Takarit\u00f3 <\/h2>\t\t<\/div>\n\t\t\t\t<\/div>\n\t\t\t\t<div class=\"elementor-element elementor-element-b9a8dd4 elementor-widget elementor-widget-heading\" data-id=\"b9a8dd4\" data-element_type=\"widget\" data-widget_type=\"heading.default\">\n\t\t\t\t<div class=\"elementor-widget-container\">\n\t\t\t<h2 class=\"elementor-heading-title elementor-size-medium\">Szentgotth\u00e1rd<\/h2>\t\t<\/div>\n\t\t\t\t<\/div>\n\t\t\t\t<section class=\"elementor-section elementor-inner-section elementor-element elementor-element-7eac99d elementor-section-boxed elementor-section-height-default elementor-section-height-default\" data-id=\"7eac99d\" data-element_type=\"section\">\n\t\t\t\t\t\t<div class=\"elementor-container elementor-column-gap-default\">\n\t\t\t\t\t<div class=\"elementor-column elementor-col-50 elementor-inner-column elementor-element elementor-element-7cb65d7\" data-id=\"7cb65d7\" data-element_type=\"column\">\n\t\t\t<div class=\"elementor-widget-wrap elementor-element-populated\">\n\t\t\t\t\t\t\t\t<div class=\"elementor-element elementor-element-85295b0 elementor-widget elementor-widget-text-editor\" data-id=\"85295b0\" data-element_type=\"widget\" data-widget_type=\"text-editor.default\">\n\t\t\t\t<div class=\"elementor-widget-container\">\n\t\t\t\t\t\t\t<h6>Erwartung:<\/h6><ul><li>Grundschulbildung (Vorteil der Sekundarschulbildung);<\/li><li>Monotonietoleranz;<\/li><li>Erfahrung in einer \u00e4hnlichen T\u00e4tigkeit von Vorteil;<\/li><li>von Vorteil sind mehrere Schichten oder Wochenendschichten.<\/li><\/ul><h6>Was wir anbieten:<\/h6><ul><li>wettbewerbsf\u00e4hige L\u00f6hne;<\/li><li>30% Schichtzulage;<\/li><li>\u00dcberstundenoption nach Mt.;<\/li><li>Fahrt zur Arbeit und\/oder Erstattung eines Fernverkehrspasses f\u00fcr 100%;<\/li><li>Bei einer Entfernung von mehr als 100 km Mietunterst\u00fctzung am Arbeitsplatz;<\/li><li>langfristige Besch\u00e4ftigungsm\u00f6glichkeit.<\/li><\/ul>\t\t\t\t\t\t<\/div>\n\t\t\t\t<\/div>\n\t\t\t\t\t<\/div>\n\t\t<\/div>\n\t\t\t\t<div class=\"elementor-column elementor-col-50 elementor-inner-column elementor-element elementor-element-9875d0c\" data-id=\"9875d0c\" data-element_type=\"column\">\n\t\t\t<div class=\"elementor-widget-wrap elementor-element-populated\">\n\t\t\t\t\t\t\t\t<div class=\"elementor-element elementor-element-7defdac elementor-widget elementor-widget-image\" data-id=\"7defdac\" data-element_type=\"widget\" data-widget_type=\"image.default\">\n\t\t\t\t<div class=\"elementor-widget-container\">\n\t\t\t\t\t\t\t\t\t\t\t\t\t\t\t<img loading=\"lazy\" decoding=\"async\" width=\"800\" height=\"545\" src=\"https:\/\/femzol.hu\/wp-content\/uploads\/2021\/12\/Spring-Cleaning-1-1024x698.jpg\" class=\"attachment-large size-large\" alt=\"\" srcset=\"https:\/\/femzol.hu\/wp-content\/uploads\/2021\/12\/Spring-Cleaning-1-1024x698.jpg 1024w, https:\/\/femzol.hu\/wp-content\/uploads\/2021\/12\/Spring-Cleaning-1-300x205.jpg 300w, https:\/\/femzol.hu\/wp-content\/uploads\/2021\/12\/Spring-Cleaning-1-768x524.jpg 768w, https:\/\/femzol.hu\/wp-content\/uploads\/2021\/12\/Spring-Cleaning-1-18x12.jpg 18w, https:\/\/femzol.hu\/wp-content\/uploads\/2021\/12\/Spring-Cleaning-1-600x409.jpg 600w, https:\/\/femzol.hu\/wp-content\/uploads\/2021\/12\/Spring-Cleaning-1.jpg 1132w\" sizes=\"(max-width: 800px) 100vw, 800px\" \/>\t\t\t\t\t\t\t\t\t\t\t\t\t\t\t<\/div>\n\t\t\t\t<\/div>\n\t\t\t\t\t<\/div>\n\t\t<\/div>\n\t\t\t\t\t\t\t<\/div>\n\t\t<\/section>\n\t\t\t\t<div class=\"elementor-element elementor-element-d72dc26 elementor-mobile-align-left elementor-align-left elementor-widget elementor-widget-button\" data-id=\"d72dc26\" data-element_type=\"widget\" data-widget_type=\"button.default\">\n\t\t\t\t<div class=\"elementor-widget-container\">\n\t\t\t\t\t<div class=\"elementor-button-wrapper\">\n\t\t\t<a href=\"https:\/\/femzol.hu\/de\/job-kapcsolat\/\" class=\"elementor-button-link elementor-button elementor-size-sm\" role=\"button\">\n\t\t\t\t\t\t<span class=\"elementor-button-content-wrapper\">\n\t\t\t\t\t\t<span class=\"elementor-button-text\">Kontakt<\/span>\n\t\t<\/span>\n\t\t\t\t\t<\/a>\n\t\t<\/div>\n\t\t\t\t<\/div>\n\t\t\t\t<\/div>\n\t\t\t\t\t<\/div>\n\t\t<\/div>\n\t\t\t\t\t\t\t<\/div>\n\t\t<\/section>\n\t\t\t\t<section class=\"elementor-section elementor-top-section elementor-element elementor-element-05414ce elementor-section-height-min-height elementor-section-boxed elementor-section-height-default elementor-section-items-middle\" data-id=\"05414ce\" data-element_type=\"section\" data-settings=\"{&quot;background_background&quot;:&quot;classic&quot;}\">\n\t\t\t\t\t\t\t<div class=\"elementor-background-overlay\"><\/div>\n\t\t\t\t\t\t\t<div class=\"elementor-container elementor-column-gap-default\">\n\t\t\t\t\t<div class=\"elementor-column elementor-col-100 elementor-top-column elementor-element elementor-element-7a0d091\" data-id=\"7a0d091\" data-element_type=\"column\">\n\t\t\t<div class=\"elementor-widget-wrap elementor-element-populated\">\n\t\t\t\t\t\t\t\t<div class=\"elementor-element elementor-element-3d7fba8 elementor-widget elementor-widget-heading\" data-id=\"3d7fba8\" data-element_type=\"widget\" data-widget_type=\"heading.default\">\n\t\t\t\t<div class=\"elementor-widget-container\">\n\t\t\t<h2 class=\"elementor-heading-title elementor-size-medium\">Villanyszerel\u0151<\/h2>\t\t<\/div>\n\t\t\t\t<\/div>\n\t\t\t\t<div class=\"elementor-element elementor-element-2a5a58d elementor-widget elementor-widget-heading\" data-id=\"2a5a58d\" data-element_type=\"widget\" data-widget_type=\"heading.default\">\n\t\t\t\t<div class=\"elementor-widget-container\">\n\t\t\t<h2 class=\"elementor-heading-title elementor-size-medium\">Deutschland<\/h2>\t\t<\/div>\n\t\t\t\t<\/div>\n\t\t\t\t<section class=\"elementor-section elementor-inner-section elementor-element elementor-element-ab14db7 elementor-section-boxed elementor-section-height-default elementor-section-height-default\" data-id=\"ab14db7\" data-element_type=\"section\">\n\t\t\t\t\t\t<div class=\"elementor-container elementor-column-gap-default\">\n\t\t\t\t\t<div class=\"elementor-column elementor-col-50 elementor-inner-column elementor-element elementor-element-70d4e9e\" data-id=\"70d4e9e\" data-element_type=\"column\">\n\t\t\t<div class=\"elementor-widget-wrap elementor-element-populated\">\n\t\t\t\t\t\t\t\t<div class=\"elementor-element elementor-element-2688c3f elementor-widget elementor-widget-text-editor\" data-id=\"2688c3f\" data-element_type=\"widget\" data-widget_type=\"text-editor.default\">\n\t\t\t\t<div class=\"elementor-widget-container\">\n\t\t\t\t\t\t\t<h6>Erwartung:<\/h6><ul><li>szakmai v\u00e9gzetts\u00e9g<\/li><li>rugalmass\u00e1g<\/li><li>Erfahrung in einer \u00e4hnlichen T\u00e4tigkeit von Vorteil;<\/li><li>nyelvtud\u00e1s el\u0151ny<\/li><\/ul><h6>Was wir anbieten:<\/h6><ul><li>kiemelked\u0151 b\u00e9r;<\/li><li>\u00dcberstundenoption nach Mt.;<\/li><li>munk\u00e1ba j\u00e1r\u00e1s biztos\u00edt\u00e1sa \/ vagy 100%-os t\u00e9rit\u00e9se<\/li><li>sz\u00e1ll\u00e1s egy illetve k\u00e9t \u00e1gyas szob\u00e1kban<\/li><li>langfristige Besch\u00e4ftigungsm\u00f6glichkeit.<\/li><\/ul>\t\t\t\t\t\t<\/div>\n\t\t\t\t<\/div>\n\t\t\t\t\t<\/div>\n\t\t<\/div>\n\t\t\t\t<div class=\"elementor-column elementor-col-50 elementor-inner-column elementor-element elementor-element-1eb1e09\" data-id=\"1eb1e09\" data-element_type=\"column\">\n\t\t\t<div class=\"elementor-widget-wrap elementor-element-populated\">\n\t\t\t\t\t\t\t\t<div class=\"elementor-element elementor-element-1f3fa24 elementor-widget elementor-widget-image\" data-id=\"1f3fa24\" data-element_type=\"widget\" data-widget_type=\"image.default\">\n\t\t\t\t<div class=\"elementor-widget-container\">\n\t\t\t\t\t\t\t\t\t\t\t\t\t\t\t<img loading=\"lazy\" decoding=\"async\" width=\"800\" height=\"555\" src=\"https:\/\/femzol.hu\/wp-content\/uploads\/2021\/12\/villanyszerelo_seged_png-1024x711.png\" class=\"attachment-large size-large\" alt=\"\" srcset=\"https:\/\/femzol.hu\/wp-content\/uploads\/2021\/12\/villanyszerelo_seged_png-1024x711.png 1024w, https:\/\/femzol.hu\/wp-content\/uploads\/2021\/12\/villanyszerelo_seged_png-300x208.png 300w, https:\/\/femzol.hu\/wp-content\/uploads\/2021\/12\/villanyszerelo_seged_png-768x533.png 768w, https:\/\/femzol.hu\/wp-content\/uploads\/2021\/12\/villanyszerelo_seged_png-18x12.png 18w, https:\/\/femzol.hu\/wp-content\/uploads\/2021\/12\/villanyszerelo_seged_png-600x417.png 600w, https:\/\/femzol.hu\/wp-content\/uploads\/2021\/12\/villanyszerelo_seged_png.png 1440w\" sizes=\"(max-width: 800px) 100vw, 800px\" \/>\t\t\t\t\t\t\t\t\t\t\t\t\t\t\t<\/div>\n\t\t\t\t<\/div>\n\t\t\t\t\t<\/div>\n\t\t<\/div>\n\t\t\t\t\t\t\t<\/div>\n\t\t<\/section>\n\t\t\t\t<div class=\"elementor-element elementor-element-85254d0 elementor-mobile-align-left elementor-align-left elementor-widget elementor-widget-button\" data-id=\"85254d0\" data-element_type=\"widget\" data-widget_type=\"button.default\">\n\t\t\t\t<div class=\"elementor-widget-container\">\n\t\t\t\t\t<div class=\"elementor-button-wrapper\">\n\t\t\t<a href=\"https:\/\/femzol.hu\/de\/job-kapcsolat\/\" class=\"elementor-button-link elementor-button elementor-size-sm\" role=\"button\">\n\t\t\t\t\t\t<span class=\"elementor-button-content-wrapper\">\n\t\t\t\t\t\t<span class=\"elementor-button-text\">Kontakt<\/span>\n\t\t<\/span>\n\t\t\t\t\t<\/a>\n\t\t<\/div>\n\t\t\t\t<\/div>\n\t\t\t\t<\/div>\n\t\t\t\t\t<\/div>\n\t\t<\/div>\n\t\t\t\t\t\t\t<\/div>\n\t\t<\/section>\n\t\t\t\t<section class=\"elementor-section elementor-top-section elementor-element elementor-element-3616596 elementor-section-height-min-height elementor-section-boxed elementor-section-height-default elementor-section-items-middle\" data-id=\"3616596\" data-element_type=\"section\" data-settings=\"{&quot;background_background&quot;:&quot;classic&quot;}\">\n\t\t\t\t\t\t\t<div class=\"elementor-background-overlay\"><\/div>\n\t\t\t\t\t\t\t<div class=\"elementor-container elementor-column-gap-default\">\n\t\t\t\t\t<div class=\"elementor-column elementor-col-100 elementor-top-column elementor-element elementor-element-2058140\" data-id=\"2058140\" data-element_type=\"column\">\n\t\t\t<div class=\"elementor-widget-wrap elementor-element-populated\">\n\t\t\t\t\t\t\t\t<div class=\"elementor-element elementor-element-1004500 elementor-widget elementor-widget-heading\" data-id=\"1004500\" data-element_type=\"widget\" data-widget_type=\"heading.default\">\n\t\t\t\t<div class=\"elementor-widget-container\">\n\t\t\t<h2 class=\"elementor-heading-title elementor-size-medium\">Targonc\u00e1s<\/h2>\t\t<\/div>\n\t\t\t\t<\/div>\n\t\t\t\t<div class=\"elementor-element elementor-element-f00f9b8 elementor-widget elementor-widget-heading\" data-id=\"f00f9b8\" data-element_type=\"widget\" data-widget_type=\"heading.default\">\n\t\t\t\t<div class=\"elementor-widget-container\">\n\t\t\t<h2 class=\"elementor-heading-title elementor-size-medium\">J\u00e1szf\u00e9nyszar\u00fa<\/h2>\t\t<\/div>\n\t\t\t\t<\/div>\n\t\t\t\t<section class=\"elementor-section elementor-inner-section elementor-element elementor-element-cba8745 elementor-section-boxed elementor-section-height-default elementor-section-height-default\" data-id=\"cba8745\" data-element_type=\"section\">\n\t\t\t\t\t\t<div class=\"elementor-container elementor-column-gap-default\">\n\t\t\t\t\t<div class=\"elementor-column elementor-col-50 elementor-inner-column elementor-element elementor-element-9f49794\" data-id=\"9f49794\" data-element_type=\"column\">\n\t\t\t<div class=\"elementor-widget-wrap elementor-element-populated\">\n\t\t\t\t\t\t\t\t<div class=\"elementor-element elementor-element-113d1e8 elementor-widget elementor-widget-text-editor\" data-id=\"113d1e8\" data-element_type=\"widget\" data-widget_type=\"text-editor.default\">\n\t\t\t\t<div class=\"elementor-widget-container\">\n\t\t\t\t\t\t\t<h6>Erwartung:<\/h6><ul><li>szakmai v\u00e9gzetts\u00e9g<\/li><li>rugalmass\u00e1g<\/li><li>Erfahrung in einer \u00e4hnlichen T\u00e4tigkeit von Vorteil;<\/li><li>von Vorteil sind mehrere Schichten oder Wochenendschichten.<\/li><\/ul><h6>Was wir anbieten:<\/h6><ul><li>wettbewerbsf\u00e4hige L\u00f6hne;<\/li><li>30% Schichtzulage;<\/li><li>\u00dcberstundenoption nach Mt.;<\/li><li>Fahrt zur Arbeit und\/oder Erstattung eines Fernverkehrspasses f\u00fcr 100%;<\/li><li>Bei einer Entfernung von mehr als 100 km Mietunterst\u00fctzung am Arbeitsplatz;<\/li><li>langfristige Besch\u00e4ftigungsm\u00f6glichkeit.<\/li><\/ul>\t\t\t\t\t\t<\/div>\n\t\t\t\t<\/div>\n\t\t\t\t\t<\/div>\n\t\t<\/div>\n\t\t\t\t<div class=\"elementor-column elementor-col-50 elementor-inner-column elementor-element elementor-element-c13f8e9\" data-id=\"c13f8e9\" data-element_type=\"column\">\n\t\t\t<div class=\"elementor-widget-wrap elementor-element-populated\">\n\t\t\t\t\t\t\t\t<div class=\"elementor-element elementor-element-7819175 elementor-widget elementor-widget-image\" data-id=\"7819175\" data-element_type=\"widget\" data-widget_type=\"image.default\">\n\t\t\t\t<div class=\"elementor-widget-container\">\n\t\t\t\t\t\t\t\t\t\t\t\t\t\t\t<img loading=\"lazy\" decoding=\"async\" width=\"800\" height=\"520\" src=\"https:\/\/femzol.hu\/wp-content\/uploads\/2021\/12\/Transport_25-e1528044041762.jpg\" class=\"attachment-large size-large\" alt=\"\" srcset=\"https:\/\/femzol.hu\/wp-content\/uploads\/2021\/12\/Transport_25-e1528044041762.jpg 1024w, https:\/\/femzol.hu\/wp-content\/uploads\/2021\/12\/Transport_25-e1528044041762-300x195.jpg 300w, https:\/\/femzol.hu\/wp-content\/uploads\/2021\/12\/Transport_25-e1528044041762-768x499.jpg 768w, https:\/\/femzol.hu\/wp-content\/uploads\/2021\/12\/Transport_25-e1528044041762-18x12.jpg 18w, https:\/\/femzol.hu\/wp-content\/uploads\/2021\/12\/Transport_25-e1528044041762-600x390.jpg 600w\" sizes=\"(max-width: 800px) 100vw, 800px\" \/>\t\t\t\t\t\t\t\t\t\t\t\t\t\t\t<\/div>\n\t\t\t\t<\/div>\n\t\t\t\t\t<\/div>\n\t\t<\/div>\n\t\t\t\t\t\t\t<\/div>\n\t\t<\/section>\n\t\t\t\t<div class=\"elementor-element elementor-element-9e08764 elementor-mobile-align-left elementor-align-left elementor-widget elementor-widget-button\" data-id=\"9e08764\" data-element_type=\"widget\" data-widget_type=\"button.default\">\n\t\t\t\t<div class=\"elementor-widget-container\">\n\t\t\t\t\t<div class=\"elementor-button-wrapper\">\n\t\t\t<a href=\"https:\/\/femzol.hu\/de\/job-kapcsolat\/\" class=\"elementor-button-link elementor-button elementor-size-sm\" role=\"button\">\n\t\t\t\t\t\t<span class=\"elementor-button-content-wrapper\">\n\t\t\t\t\t\t<span class=\"elementor-button-text\">Kontakt<\/span>\n\t\t<\/span>\n\t\t\t\t\t<\/a>\n\t\t<\/div>\n\t\t\t\t<\/div>\n\t\t\t\t<\/div>\n\t\t\t\t\t<\/div>\n\t\t<\/div>\n\t\t\t\t\t\t\t<\/div>\n\t\t<\/section>\n\t\t\t\t\t\t\t<\/div>","protected":false},"excerpt":{"rendered":"<p>Min\u0151s\u00e9gellen\u0151r Sz\u00e9kesfeh\u00e9rv\u00e1r, Oroszl\u00e1ny, Tatab\u00e1nya, Kisb\u00e9r, Mosonmagyar\u00f3v\u00e1r Elv\u00e1r\u00e1s: alapfok\u00fa v\u00e9gzetts\u00e9g (k\u00f6z\u00e9pfok\u00fa v\u00e9gzetts\u00e9g el\u0151ny); monotonit\u00e1st\u0171r\u00e9s; prec\u00edz, pontos, magabiztos munkav\u00e9gz\u00e9s; teszt\u00edr\u00e1son, illetve az ut\u00e1na t\u00f6rt\u00e9n\u0151 szem\u00e9lyes elbesz\u00e9lget\u00e9sen val\u00f3 sikeres megfelel\u00e9s; hasonl\u00f3 munkak\u00f6rben szerzett tapasztalat el\u0151ny; t\u00f6bb m\u0171szak, illetve h\u00e9tv\u00e9gi m\u0171szak v\u00e1llal\u00e1sa el\u0151ny. Amit k\u00edn\u00e1lunk: versenyk\u00e9pes b\u00e9r; 30% m\u0171szakp\u00f3tl\u00e9k; t\u00fal\u00f3ra lehet\u0151s\u00e9g Mt. szerint; munk\u00e1ba j\u00e1r\u00e1s biztos\u00edt\u00e1sa \/ vagy t\u00e1vols\u00e1gi [&hellip;]<\/p>","protected":false},"author":1,"featured_media":0,"parent":0,"menu_order":0,"comment_status":"closed","ping_status":"closed","template":"","meta":{"footnotes":""},"class_list":["post-1162","page","type-page","status-publish","hentry"],"_links":{"self":[{"href":"https:\/\/femzol.hu\/de\/wp-json\/wp\/v2\/pages\/1162"}],"collection":[{"href":"https:\/\/femzol.hu\/de\/wp-json\/wp\/v2\/pages"}],"about":[{"href":"https:\/\/femzol.hu\/de\/wp-json\/wp\/v2\/types\/page"}],"author":[{"embeddable":true,"href":"https:\/\/femzol.hu\/de\/wp-json\/wp\/v2\/users\/1"}],"replies":[{"embeddable":true,"href":"https:\/\/femzol.hu\/de\/wp-json\/wp\/v2\/comments?post=1162"}],"version-history":[{"count":10,"href":"https:\/\/femzol.hu\/de\/wp-json\/wp\/v2\/pages\/1162\/revisions"}],"predecessor-version":[{"id":3230,"href":"https:\/\/femzol.hu\/de\/wp-json\/wp\/v2\/pages\/1162\/revisions\/3230"}],"wp:attachment":[{"href":"https:\/\/femzol.hu\/de\/wp-json\/wp\/v2\/media?parent=1162"}],"curies":[{"name":"wp","href":"https:\/\/api.w.org\/{rel}","templated":true}]}}