{"id":1265,"date":"2021-11-01T08:39:26","date_gmt":"2021-11-01T08:39:26","guid":{"rendered":"http:\/\/femzol.hu\/?page_id=1265"},"modified":"2021-12-07T10:10:50","modified_gmt":"2021-12-07T10:10:50","slug":"penztar","status":"publish","type":"page","link":"https:\/\/femzol.hu\/de\/penztar\/","title":{"rendered":"Kassen"},"content":{"rendered":"<div data-elementor-type=\"wp-page\" data-elementor-id=\"1265\" class=\"elementor elementor-1265\">\n\t\t\t\t\t\t\t\t\t<section class=\"elementor-section elementor-top-section elementor-element elementor-element-e423975 elementor-section-full_width elementor-section-height-min-height elementor-section-height-default elementor-section-items-middle\" data-id=\"e423975\" data-element_type=\"section\" data-settings=\"{&quot;background_background&quot;:&quot;classic&quot;}\">\n\t\t\t\t\t\t<div class=\"elementor-container elementor-column-gap-no\">\n\t\t\t\t\t<div class=\"elementor-column elementor-col-100 elementor-top-column elementor-element elementor-element-f67bcbe\" data-id=\"f67bcbe\" data-element_type=\"column\">\n\t\t\t<div class=\"elementor-widget-wrap\">\n\t\t\t\t\t\t\t\t\t<\/div>\n\t\t<\/div>\n\t\t\t\t\t\t\t<\/div>\n\t\t<\/section>\n\t\t\t\t<section class=\"elementor-section elementor-top-section elementor-element elementor-element-ec0a34d elementor-section-boxed elementor-section-height-default elementor-section-height-default\" data-id=\"ec0a34d\" data-element_type=\"section\">\n\t\t\t\t\t\t<div class=\"elementor-container elementor-column-gap-default\">\n\t\t\t\t\t<div class=\"elementor-column elementor-col-100 elementor-top-column elementor-element elementor-element-694b12a\" data-id=\"694b12a\" data-element_type=\"column\">\n\t\t\t<div class=\"elementor-widget-wrap\">\n\t\t\t\t\t\t\t\t\t<\/div>\n\t\t<\/div>\n\t\t\t\t\t\t\t<\/div>\n\t\t<\/section>\n\t\t\t\t\t\t\t<\/div>","protected":false},"excerpt":{"rendered":"<p>Sz\u00e1ml\u00e1z\u00e1si inform\u00e1ci\u00f3k Vezet\u00e9kn\u00e9v&nbsp;* Keresztn\u00e9v&nbsp;* C\u00e9gn\u00e9v&nbsp;(nem k\u00f6telez\u0151) Orsz\u00e1g&nbsp;*Magyarorsz\u00e1g Ir\u00e1ny\u00edt\u00f3sz\u00e1m&nbsp;* V\u00e1ros&nbsp;* Utca, h\u00e1zsz\u00e1m&nbsp;* Emelet, l\u00e9pcs\u0151h\u00e1z, lak\u00e1s, stb.&nbsp;(nem k\u00f6telez\u0151) Megye&nbsp;*V\u00e1lassz egy opci\u00f3t&hellip;B\u00e1cs-KiskunB\u00e9k\u00e9sBaranyaBorsod-Aba\u00faj-Zempl\u00e9nBudapestCsongr\u00e1d-Csan\u00e1dFej\u00e9rGy\u0151r-Moson-SopronHajd\u00fa-BiharHevesJ\u00e1sz-Nagykun-SzolnokKom\u00e1rom-EsztergomN\u00f3gr\u00e1dPestSomogySzabolcs-Szatm\u00e1r-BeregTolnaVasVeszpr\u00e9mZala Telefonsz\u00e1m&nbsp;* Email c\u00edm&nbsp;* Egy\u00e9b inform\u00e1ci\u00f3k Megjegyz\u00e9s a rendel\u00e9shez&nbsp;(nem k\u00f6telez\u0151) Rendel\u00e9sed Term\u00e9k R\u00e9sz\u00f6sszeg R\u00e9sz\u00f6sszeg 0&nbsp;&#70;&#116; \u00d6sszeg 0&nbsp;&#70;&#116; Mivel a b\u00f6ng\u00e9sz\u0151d nem t\u00e1mogatja a JavaScript-et vagy ki van kapcsolva, k\u00e9rlek, kattints a V\u00e9g\u00f6sszeg friss\u00edt\u00e9se gombra a rendel\u00e9sed elk\u00fcld\u00e9se [&hellip;]<\/p>","protected":false},"author":1,"featured_media":0,"parent":0,"menu_order":0,"comment_status":"closed","ping_status":"closed","template":"","meta":{"footnotes":""},"class_list":["post-1265","page","type-page","status-publish","hentry"],"_links":{"self":[{"href":"https:\/\/femzol.hu\/de\/wp-json\/wp\/v2\/pages\/1265"}],"collection":[{"href":"https:\/\/femzol.hu\/de\/wp-json\/wp\/v2\/pages"}],"about":[{"href":"https:\/\/femzol.hu\/de\/wp-json\/wp\/v2\/types\/page"}],"author":[{"embeddable":true,"href":"https:\/\/femzol.hu\/de\/wp-json\/wp\/v2\/users\/1"}],"replies":[{"embeddable":true,"href":"https:\/\/femzol.hu\/de\/wp-json\/wp\/v2\/comments?post=1265"}],"version-history":[{"count":36,"href":"https:\/\/femzol.hu\/de\/wp-json\/wp\/v2\/pages\/1265\/revisions"}],"predecessor-version":[{"id":3049,"href":"https:\/\/femzol.hu\/de\/wp-json\/wp\/v2\/pages\/1265\/revisions\/3049"}],"wp:attachment":[{"href":"https:\/\/femzol.hu\/de\/wp-json\/wp\/v2\/media?parent=1265"}],"curies":[{"name":"wp","href":"https:\/\/api.w.org\/{rel}","templated":true}]}}