{"id":134,"date":"2021-10-26T16:37:58","date_gmt":"2021-10-26T16:37:58","guid":{"rendered":"http:\/\/femzol.hu\/?page_id=134"},"modified":"2021-11-22T11:13:06","modified_gmt":"2021-11-22T11:13:06","slug":"cegunkrol","status":"publish","type":"page","link":"https:\/\/femzol.hu\/de\/cegunkrol\/","title":{"rendered":"\u00dcber uns"},"content":{"rendered":"<div data-elementor-type=\"wp-page\" data-elementor-id=\"134\" class=\"elementor elementor-134\">\n\t\t\t\t\t\t\t\t\t<section class=\"elementor-section elementor-top-section elementor-element elementor-element-246f72c elementor-section-full_width elementor-section-height-min-height elementor-section-height-default elementor-section-items-middle\" data-id=\"246f72c\" data-element_type=\"section\" data-settings=\"{&quot;background_background&quot;:&quot;classic&quot;}\">\n\t\t\t\t\t\t<div class=\"elementor-container elementor-column-gap-no\">\n\t\t\t\t\t<div class=\"elementor-column elementor-col-100 elementor-top-column elementor-element elementor-element-2a3ea9d\" data-id=\"2a3ea9d\" data-element_type=\"column\">\n\t\t\t<div class=\"elementor-widget-wrap\">\n\t\t\t\t\t\t\t\t\t<\/div>\n\t\t<\/div>\n\t\t\t\t\t\t\t<\/div>\n\t\t<\/section>\n\t\t\t\t<section class=\"elementor-section elementor-top-section elementor-element elementor-element-12fe54f elementor-section-height-min-height elementor-section-items-top elementor-section-boxed elementor-section-height-default\" data-id=\"12fe54f\" data-element_type=\"section\" id=\"munkaero\" data-settings=\"{&quot;background_background&quot;:&quot;classic&quot;}\">\n\t\t\t\t\t\t\t<div class=\"elementor-background-overlay\"><\/div>\n\t\t\t\t\t\t\t<div class=\"elementor-container elementor-column-gap-default\">\n\t\t\t\t\t<div class=\"elementor-column elementor-col-100 elementor-top-column elementor-element elementor-element-7f852e0d\" data-id=\"7f852e0d\" data-element_type=\"column\">\n\t\t\t<div class=\"elementor-widget-wrap elementor-element-populated\">\n\t\t\t\t\t\t\t\t<section class=\"elementor-section elementor-inner-section elementor-element elementor-element-cd09b84 elementor-section-boxed elementor-section-height-default elementor-section-height-default\" data-id=\"cd09b84\" data-element_type=\"section\">\n\t\t\t\t\t\t<div class=\"elementor-container elementor-column-gap-default\">\n\t\t\t\t\t<div class=\"elementor-column elementor-col-50 elementor-inner-column elementor-element elementor-element-a874586\" data-id=\"a874586\" data-element_type=\"column\">\n\t\t\t<div class=\"elementor-widget-wrap elementor-element-populated\">\n\t\t\t\t\t\t\t\t<div class=\"elementor-element elementor-element-2052a52 elementor-widget elementor-widget-text-editor\" data-id=\"2052a52\" data-element_type=\"widget\" data-widget_type=\"text-editor.default\">\n\t\t\t\t<div class=\"elementor-widget-container\">\n\t\t\t<style>\/*! elementor - v3.7.1 - 14-08-2022 *\/\n.elementor-widget-text-editor.elementor-drop-cap-view-stacked .elementor-drop-cap{background-color:#818a91;color:#fff}.elementor-widget-text-editor.elementor-drop-cap-view-framed .elementor-drop-cap{color:#818a91;border:3px solid;background-color:transparent}.elementor-widget-text-editor:not(.elementor-drop-cap-view-default) .elementor-drop-cap{margin-top:8px}.elementor-widget-text-editor:not(.elementor-drop-cap-view-default) .elementor-drop-cap-letter{width:1em;height:1em}.elementor-widget-text-editor .elementor-drop-cap{float:left;text-align:center;line-height:1;font-size:50px}.elementor-widget-text-editor .elementor-drop-cap-letter{display:inline-block}<\/style>\t\t\t\t<p>V&amp;V Femzol Kft. ist ein ungarisches Industrie- und Qualit\u00e4tsunternehmen mit 100%, das seinen Kunden einen stabilen und zuverl\u00e4ssigen Service bietet.<br \/>Unser Unternehmen wurde im Jahr 2013 mit Sitz in Bakonycsernye gegr\u00fcndet, das von Anfang an mit au\u00dfergew\u00f6hnlich schneller Reaktionszeit und Effizienz verschiedenen Unternehmen und Unternehmen zur Verf\u00fcgung steht.<\/p><p>Die Mitarbeiter unseres Unternehmens fahren mit eigenen Autos, Firmen-Kleinbussen und eigenen Fahrern zur Arbeit, deren Kosten im Preis des mit unseren Partnern abgeschlossenen Vertrages enthalten sind, so dass unsere Kunden mit keinen zus\u00e4tzlichen Kosten rechnen m\u00fcssen zus\u00e4tzlich zum vereinbarten Preis.<\/p><p>Wir verf\u00fcgen \u00fcber ein eigenes Arbeiterwohnheim und Werksgel\u00e4nde, das wir auf Wunsch auch innerhalb der Schlie\u00dfzeiten f\u00fcr Sie organisieren k\u00f6nnen.<\/p>\t\t\t\t\t\t<\/div>\n\t\t\t\t<\/div>\n\t\t\t\t\t<\/div>\n\t\t<\/div>\n\t\t\t\t<div class=\"elementor-column elementor-col-50 elementor-inner-column elementor-element elementor-element-2c40909 elementor-hidden-tablet elementor-hidden-mobile\" data-id=\"2c40909\" data-element_type=\"column\">\n\t\t\t<div class=\"elementor-widget-wrap elementor-element-populated\">\n\t\t\t\t\t\t\t\t<div class=\"elementor-element elementor-element-1467cd8 elementor-widget elementor-widget-image\" data-id=\"1467cd8\" data-element_type=\"widget\" data-widget_type=\"image.default\">\n\t\t\t\t<div class=\"elementor-widget-container\">\n\t\t\t<style>\/*! elementor - v3.7.1 - 14-08-2022 *\/\n.elementor-widget-image{text-align:center}.elementor-widget-image a{display:inline-block}.elementor-widget-image a img[src$=\".svg\"]{width:48px}.elementor-widget-image img{vertical-align:middle;display:inline-block}<\/style>\t\t\t\t\t\t\t\t\t\t\t\t<img loading=\"lazy\" decoding=\"async\" width=\"600\" height=\"400\" src=\"https:\/\/femzol.hu\/wp-content\/uploads\/2021\/10\/rolunk.webp\" class=\"attachment-large size-large\" alt=\"\" srcset=\"https:\/\/femzol.hu\/wp-content\/uploads\/2021\/10\/rolunk.webp 600w, https:\/\/femzol.hu\/wp-content\/uploads\/2021\/10\/rolunk-300x200.webp 300w\" sizes=\"(max-width: 600px) 100vw, 600px\" \/>\t\t\t\t\t\t\t\t\t\t\t\t\t\t\t<\/div>\n\t\t\t\t<\/div>\n\t\t\t\t\t<\/div>\n\t\t<\/div>\n\t\t\t\t\t\t\t<\/div>\n\t\t<\/section>\n\t\t\t\t<div class=\"elementor-element elementor-element-bc39447 elementor-widget elementor-widget-heading\" data-id=\"bc39447\" data-element_type=\"widget\" data-widget_type=\"heading.default\">\n\t\t\t\t<div class=\"elementor-widget-container\">\n\t\t\t<style>\/*! elementor - v3.7.1 - 14-08-2022 *\/\n.elementor-heading-title{padding:0;margin:0;line-height:1}.elementor-widget-heading .elementor-heading-title[class*=elementor-size-]>a{color:inherit;font-size:inherit;line-height:inherit}.elementor-widget-heading .elementor-heading-title.elementor-size-small{font-size:15px}.elementor-widget-heading .elementor-heading-title.elementor-size-medium{font-size:19px}.elementor-widget-heading .elementor-heading-title.elementor-size-large{font-size:29px}.elementor-widget-heading .elementor-heading-title.elementor-size-xl{font-size:39px}.elementor-widget-heading .elementor-heading-title.elementor-size-xxl{font-size:59px}<\/style><h2 class=\"elementor-heading-title elementor-size-medium\">Unsere Aufgabe<\/h2>\t\t<\/div>\n\t\t\t\t<\/div>\n\t\t\t\t<div class=\"elementor-element elementor-element-695c3aa4 elementor-widget elementor-widget-text-editor\" data-id=\"695c3aa4\" data-element_type=\"widget\" data-widget_type=\"text-editor.default\">\n\t\t\t\t<div class=\"elementor-widget-container\">\n\t\t\t\t\t\t\t<ul><li>Bauen Sie langfristige Beziehungen zu unseren Kunden auf, indem Sie ihre Erwartungen kontinuierlich erf\u00fcllen und ihre zuk\u00fcnftigen Bed\u00fcrfnisse erkennen.<br \/><br \/><\/li><li>Befriedigen Sie die Bed\u00fcrfnisse Ihrer Kunden zum richtigen Zeitpunkt und mit dem maximalen Inhalt, den Sie erwarten.<br \/><br \/><\/li><li>Wir wissen immer, wer (warum) einen Platz hat und er sollte immer vorhanden sein.<br \/><br \/><\/li><li>Erkennen Sie die sich \u00e4ndernden Gesch\u00e4ftsbedingungen rechtzeitig und reagieren Sie unter Ber\u00fccksichtigung unserer F\u00e4higkeiten so schnell wie m\u00f6glich darauf.<br \/><br \/><\/li><li>Wir sch\u00fctzen die Interessen unserer Kunden, Mitarbeiter und unserer Organisation, indem wir verantwortungsbewusst und in \u00dcbereinstimmung mit den gesetzlichen Vorgaben handeln.<br \/><br \/><\/li><li>Wir schaffen mit unserer Arbeit einen Mehrwert und haben dabei stets die Interessen unserer Kunden im Blick.<br \/><br \/><\/li><li>Wir entwickeln unsere Systeme st\u00e4ndig weiter und unterst\u00fctzen damit die Interessen unserer Kunden.<br \/><br \/><\/li><li>Unsere Mitarbeiter ausbilden, entwickeln und informieren, denn ohne sie ist es unm\u00f6glich, unsere langfristigen Ziele zu erreichen.<br \/><br \/><\/li><li>Wir m\u00fcssen immer im Einklang mit den gesetzlichen Vorschriften handeln und unsere Organisation weiterentwickeln.<br \/><br \/><\/li><li>Konzentrieren wir uns maximal auf die Sicherheit unserer Mitarbeiter, denn der Mensch ist immer der erste und wichtigste Faktor.<br \/><br \/><\/li><li>Das maximale Ziel unserer Organisation ist es, die Qualit\u00e4t und Leistung unserer Kunden langfristig zu verbessern. Unser Ziel ist eine kontinuierliche Weiterentwicklung bei gleichzeitiger Kapazit\u00e4tserhaltung.<br \/><br \/><\/li><li>Jeder unserer Mitarbeiter verf\u00fcgt \u00fcber langj\u00e4hrige Erfahrung in der Automobilindustrie oder in der Qualit\u00e4tssicherung, auf die wir uns auch in Zukunft fokussieren werden.<br \/><br \/><\/li><li>Unser Ziel ist es, vollst\u00e4ndig in unser Kundenteam integriert zu sein, als w\u00e4ren wir Teil ihrer Organisation, aber mit Blick auf unsere Kunden und im Wissen, dass wir ihren Prozessen einen Mehrwert verleihen.<\/li><\/ul>\t\t\t\t\t\t<\/div>\n\t\t\t\t<\/div>\n\t\t\t\t\t<\/div>\n\t\t<\/div>\n\t\t\t\t\t\t\t<\/div>\n\t\t<\/section>\n\t\t\t\t\t\t\t<\/div>","protected":false},"excerpt":{"rendered":"<p>A V&amp;V Femzol Kft. 100%-os magyar tulajdonban l\u00e9v\u0151 ipari, min\u0151s\u00e9g\u00fcgyi v\u00e1llalkoz\u00e1s, mely stabil, megb\u00edzhat\u00f3 szolg\u00e1ltat\u00e1st ny\u00fajt megrendel\u0151i sz\u00e1m\u00e1ra.C\u00e9g\u00fcnk 2013-ban j\u00f6tt l\u00e9tre bakonycsernyei sz\u00e9khellyel, mely kezdetek \u00f3ta kimagasl\u00f3an gyors reakci\u00f3id\u0151vel, hat\u00e9konys\u00e1ggal \u00e1ll k\u00fcl\u00f6nb\u00f6z\u0151 v\u00e1llalatok, v\u00e1llalkoz\u00e1sok rendelkez\u00e9s\u00e9re. C\u00e9g\u00fcnk dolgoz\u00f3inak munk\u00e1ba j\u00e1r\u00e1s\u00e1t saj\u00e1t szem\u00e9lyaut\u00f3ival, c\u00e9ges kisbuszaival, saj\u00e1t alkalmaz\u00e1sban \u00e1ll\u00f3 sof\u0151rjeivel oldja meg, melynek k\u00f6lts\u00e9g\u00e9t belekalkul\u00e1lja a partnereinkkel k\u00f6t\u00f6tt [&hellip;]<\/p>","protected":false},"author":1,"featured_media":0,"parent":0,"menu_order":0,"comment_status":"closed","ping_status":"closed","template":"","meta":{"footnotes":""},"class_list":["post-134","page","type-page","status-publish","hentry"],"_links":{"self":[{"href":"https:\/\/femzol.hu\/de\/wp-json\/wp\/v2\/pages\/134"}],"collection":[{"href":"https:\/\/femzol.hu\/de\/wp-json\/wp\/v2\/pages"}],"about":[{"href":"https:\/\/femzol.hu\/de\/wp-json\/wp\/v2\/types\/page"}],"author":[{"embeddable":true,"href":"https:\/\/femzol.hu\/de\/wp-json\/wp\/v2\/users\/1"}],"replies":[{"embeddable":true,"href":"https:\/\/femzol.hu\/de\/wp-json\/wp\/v2\/comments?post=134"}],"version-history":[{"count":3,"href":"https:\/\/femzol.hu\/de\/wp-json\/wp\/v2\/pages\/134\/revisions"}],"predecessor-version":[{"id":2956,"href":"https:\/\/femzol.hu\/de\/wp-json\/wp\/v2\/pages\/134\/revisions\/2956"}],"wp:attachment":[{"href":"https:\/\/femzol.hu\/de\/wp-json\/wp\/v2\/media?parent=134"}],"curies":[{"name":"wp","href":"https:\/\/api.w.org\/{rel}","templated":true}]}}