{"id":393,"date":"2021-10-31T19:04:44","date_gmt":"2021-10-31T19:04:44","guid":{"rendered":"http:\/\/femzol.hu\/?page_id=393"},"modified":"2021-11-19T18:17:30","modified_gmt":"2021-11-19T18:17:30","slug":"kosar","status":"publish","type":"page","link":"https:\/\/femzol.hu\/de\/kosar\/","title":{"rendered":"Korb"},"content":{"rendered":"<div data-elementor-type=\"wp-page\" data-elementor-id=\"393\" class=\"elementor elementor-393\">\n\t\t\t\t\t\t\t\t\t<section class=\"elementor-section elementor-top-section elementor-element elementor-element-82c253c elementor-section-full_width elementor-section-height-min-height elementor-section-height-default elementor-section-items-middle\" data-id=\"82c253c\" data-element_type=\"section\" data-settings=\"{&quot;background_background&quot;:&quot;classic&quot;}\">\n\t\t\t\t\t\t<div class=\"elementor-container elementor-column-gap-no\">\n\t\t\t\t\t<div class=\"elementor-column elementor-col-100 elementor-top-column elementor-element elementor-element-e5c0ed2\" data-id=\"e5c0ed2\" data-element_type=\"column\">\n\t\t\t<div class=\"elementor-widget-wrap\">\n\t\t\t\t\t\t\t\t\t<\/div>\n\t\t<\/div>\n\t\t\t\t\t\t\t<\/div>\n\t\t<\/section>\n\t\t\t\t<section class=\"elementor-section elementor-top-section elementor-element elementor-element-de7fa03 elementor-section-boxed elementor-section-height-default elementor-section-height-default\" data-id=\"de7fa03\" data-element_type=\"section\">\n\t\t\t\t\t\t<div class=\"elementor-container elementor-column-gap-default\">\n\t\t\t\t\t<div class=\"elementor-column elementor-col-100 elementor-top-column elementor-element elementor-element-520c0b9\" data-id=\"520c0b9\" data-element_type=\"column\">\n\t\t\t<div class=\"elementor-widget-wrap\">\n\t\t\t\t\t\t\t\t\t<\/div>\n\t\t<\/div>\n\t\t\t\t\t\t\t<\/div>\n\t\t<\/section>\n\t\t\t\t\t\t\t<\/div>","protected":false},"excerpt":{"rendered":"<p>&nbsp; &nbsp; Term\u00e9k \u00c1r Mennyis\u00e9g R\u00e9sz\u00f6sszeg &times; Petronas Durance Glass&#038;Window Cleaner \u00dcvegtiszt\u00edt\u00f3 1990&nbsp;&#70;&#116; Petronas Durance Glass&amp;Window Cleaner \u00dcvegtiszt\u00edt\u00f3 mennyis\u00e9g 1990&nbsp;&#70;&#116; Kuponk\u00f3d bev\u00e1lt\u00e1sa \u00d6sszegz\u00e9s R\u00e9sz\u00f6sszeg 1990&nbsp;&#70;&#116; Sz\u00e1ll\u00edt\u00e1s Szem\u00e9lyes \u00e1tv\u00e9tel (Sz\u00e9kesfeh\u00e9rv\u00e1r, S\u00e1rkereszt\u00fari \u00fat 14.) Sz\u00e1ll\u00edt\u00e1s a megadott c\u00edmre: 2490&nbsp;&#70;&#116; Sz\u00e1ll\u00edt\u00e1s ide: Sz\u00e9kesfeh\u00e9rv\u00e1r, M\u00e1ty\u00e1s kir\u00e1ly krt., 14., 8000. C\u00edmv\u00e1ltoztat\u00e1s Select a country \/ region&hellip;Magyarorsz\u00e1g V\u00e1lassz egy opci\u00f3t&hellip;B\u00e1cs-KiskunB\u00e9k\u00e9sBaranyaBorsod-Aba\u00faj-Zempl\u00e9nBudapestCsongr\u00e1d-Csan\u00e1dFej\u00e9rGy\u0151r-Moson-SopronHajd\u00fa-BiharHevesJ\u00e1sz-Nagykun-SzolnokKom\u00e1rom-EsztergomN\u00f3gr\u00e1dPestSomogySzabolcs-Szatm\u00e1r-BeregTolnaVasVeszpr\u00e9mZala Friss\u00edt\u00e9s [&hellip;]<\/p>","protected":false},"author":1,"featured_media":0,"parent":0,"menu_order":0,"comment_status":"closed","ping_status":"closed","template":"","meta":{"footnotes":""},"class_list":["post-393","page","type-page","status-publish","hentry"],"_links":{"self":[{"href":"https:\/\/femzol.hu\/de\/wp-json\/wp\/v2\/pages\/393"}],"collection":[{"href":"https:\/\/femzol.hu\/de\/wp-json\/wp\/v2\/pages"}],"about":[{"href":"https:\/\/femzol.hu\/de\/wp-json\/wp\/v2\/types\/page"}],"author":[{"embeddable":true,"href":"https:\/\/femzol.hu\/de\/wp-json\/wp\/v2\/users\/1"}],"replies":[{"embeddable":true,"href":"https:\/\/femzol.hu\/de\/wp-json\/wp\/v2\/comments?post=393"}],"version-history":[{"count":30,"href":"https:\/\/femzol.hu\/de\/wp-json\/wp\/v2\/pages\/393\/revisions"}],"predecessor-version":[{"id":2896,"href":"https:\/\/femzol.hu\/de\/wp-json\/wp\/v2\/pages\/393\/revisions\/2896"}],"wp:attachment":[{"href":"https:\/\/femzol.hu\/de\/wp-json\/wp\/v2\/media?parent=393"}],"curies":[{"name":"wp","href":"https:\/\/api.w.org\/{rel}","templated":true}]}}