{"id":134,"date":"2021-10-26T16:37:58","date_gmt":"2021-10-26T16:37:58","guid":{"rendered":"http:\/\/femzol.hu\/?page_id=134"},"modified":"2021-11-22T11:13:06","modified_gmt":"2021-11-22T11:13:06","slug":"cegunkrol","status":"publish","type":"page","link":"https:\/\/femzol.hu\/en\/cegunkrol\/","title":{"rendered":"About our company"},"content":{"rendered":"<div data-elementor-type=\"wp-page\" data-elementor-id=\"134\" class=\"elementor elementor-134\">\n\t\t\t\t\t\t\t\t\t<section class=\"elementor-section elementor-top-section elementor-element elementor-element-246f72c elementor-section-full_width elementor-section-height-min-height elementor-section-height-default elementor-section-items-middle\" data-id=\"246f72c\" data-element_type=\"section\" data-settings=\"{&quot;background_background&quot;:&quot;classic&quot;}\">\n\t\t\t\t\t\t<div class=\"elementor-container elementor-column-gap-no\">\n\t\t\t\t\t<div class=\"elementor-column elementor-col-100 elementor-top-column elementor-element elementor-element-2a3ea9d\" data-id=\"2a3ea9d\" data-element_type=\"column\">\n\t\t\t<div class=\"elementor-widget-wrap\">\n\t\t\t\t\t\t\t\t\t<\/div>\n\t\t<\/div>\n\t\t\t\t\t\t\t<\/div>\n\t\t<\/section>\n\t\t\t\t<section class=\"elementor-section elementor-top-section elementor-element elementor-element-12fe54f elementor-section-height-min-height elementor-section-items-top elementor-section-boxed elementor-section-height-default\" data-id=\"12fe54f\" data-element_type=\"section\" id=\"munkaero\" data-settings=\"{&quot;background_background&quot;:&quot;classic&quot;}\">\n\t\t\t\t\t\t\t<div class=\"elementor-background-overlay\"><\/div>\n\t\t\t\t\t\t\t<div class=\"elementor-container elementor-column-gap-default\">\n\t\t\t\t\t<div class=\"elementor-column elementor-col-100 elementor-top-column elementor-element elementor-element-7f852e0d\" data-id=\"7f852e0d\" data-element_type=\"column\">\n\t\t\t<div class=\"elementor-widget-wrap elementor-element-populated\">\n\t\t\t\t\t\t\t\t<section class=\"elementor-section elementor-inner-section elementor-element elementor-element-cd09b84 elementor-section-boxed elementor-section-height-default elementor-section-height-default\" data-id=\"cd09b84\" data-element_type=\"section\">\n\t\t\t\t\t\t<div class=\"elementor-container elementor-column-gap-default\">\n\t\t\t\t\t<div class=\"elementor-column elementor-col-50 elementor-inner-column elementor-element elementor-element-a874586\" data-id=\"a874586\" data-element_type=\"column\">\n\t\t\t<div class=\"elementor-widget-wrap elementor-element-populated\">\n\t\t\t\t\t\t\t\t<div class=\"elementor-element elementor-element-2052a52 elementor-widget elementor-widget-text-editor\" data-id=\"2052a52\" data-element_type=\"widget\" data-widget_type=\"text-editor.default\">\n\t\t\t\t<div class=\"elementor-widget-container\">\n\t\t\t<style>\/*! elementor - v3.7.1 - 14-08-2022 *\/\n.elementor-widget-text-editor.elementor-drop-cap-view-stacked .elementor-drop-cap{background-color:#818a91;color:#fff}.elementor-widget-text-editor.elementor-drop-cap-view-framed .elementor-drop-cap{color:#818a91;border:3px solid;background-color:transparent}.elementor-widget-text-editor:not(.elementor-drop-cap-view-default) .elementor-drop-cap{margin-top:8px}.elementor-widget-text-editor:not(.elementor-drop-cap-view-default) .elementor-drop-cap-letter{width:1em;height:1em}.elementor-widget-text-editor .elementor-drop-cap{float:left;text-align:center;line-height:1;font-size:50px}.elementor-widget-text-editor .elementor-drop-cap-letter{display:inline-block}<\/style>\t\t\t\t<p>V&amp;V Femzol Kft. Is a Hungarian-owned industrial and quality company with 100%, which provides a stable and reliable service to its customers.<br \/>Our company was established in 2013 with its headquarters in Bakonycsernye, which has been available to various companies and enterprises with exceptionally fast reaction time and efficiency since the beginning.<\/p><p>The employees of our company go to work with their own cars, company minibuses, and their own drivers, the cost of which is included in the price of the contract concluded with our partners, so our customers do not have to reckon with any additional costs in addition to the agreed price.<\/p><p>We have our own workers&#039; hostel and site, which we can arrange for any required activity within the closing time upon request.<\/p>\t\t\t\t\t\t<\/div>\n\t\t\t\t<\/div>\n\t\t\t\t\t<\/div>\n\t\t<\/div>\n\t\t\t\t<div class=\"elementor-column elementor-col-50 elementor-inner-column elementor-element elementor-element-2c40909 elementor-hidden-tablet elementor-hidden-mobile\" data-id=\"2c40909\" data-element_type=\"column\">\n\t\t\t<div class=\"elementor-widget-wrap elementor-element-populated\">\n\t\t\t\t\t\t\t\t<div class=\"elementor-element elementor-element-1467cd8 elementor-widget elementor-widget-image\" data-id=\"1467cd8\" data-element_type=\"widget\" data-widget_type=\"image.default\">\n\t\t\t\t<div class=\"elementor-widget-container\">\n\t\t\t<style>\/*! elementor - v3.7.1 - 14-08-2022 *\/\n.elementor-widget-image{text-align:center}.elementor-widget-image a{display:inline-block}.elementor-widget-image a img[src$=\".svg\"]{width:48px}.elementor-widget-image img{vertical-align:middle;display:inline-block}<\/style>\t\t\t\t\t\t\t\t\t\t\t\t<img loading=\"lazy\" decoding=\"async\" width=\"600\" height=\"400\" src=\"https:\/\/femzol.hu\/wp-content\/uploads\/2021\/10\/rolunk.webp\" class=\"attachment-large size-large\" alt=\"\" srcset=\"https:\/\/femzol.hu\/wp-content\/uploads\/2021\/10\/rolunk.webp 600w, https:\/\/femzol.hu\/wp-content\/uploads\/2021\/10\/rolunk-300x200.webp 300w\" sizes=\"(max-width: 600px) 100vw, 600px\" \/>\t\t\t\t\t\t\t\t\t\t\t\t\t\t\t<\/div>\n\t\t\t\t<\/div>\n\t\t\t\t\t<\/div>\n\t\t<\/div>\n\t\t\t\t\t\t\t<\/div>\n\t\t<\/section>\n\t\t\t\t<div class=\"elementor-element elementor-element-bc39447 elementor-widget elementor-widget-heading\" data-id=\"bc39447\" data-element_type=\"widget\" data-widget_type=\"heading.default\">\n\t\t\t\t<div class=\"elementor-widget-container\">\n\t\t\t<style>\/*! elementor - v3.7.1 - 14-08-2022 *\/\n.elementor-heading-title{padding:0;margin:0;line-height:1}.elementor-widget-heading .elementor-heading-title[class*=elementor-size-]>a{color:inherit;font-size:inherit;line-height:inherit}.elementor-widget-heading .elementor-heading-title.elementor-size-small{font-size:15px}.elementor-widget-heading .elementor-heading-title.elementor-size-medium{font-size:19px}.elementor-widget-heading .elementor-heading-title.elementor-size-large{font-size:29px}.elementor-widget-heading .elementor-heading-title.elementor-size-xl{font-size:39px}.elementor-widget-heading .elementor-heading-title.elementor-size-xxl{font-size:59px}<\/style><h2 class=\"elementor-heading-title elementor-size-medium\">Our mission<\/h2>\t\t<\/div>\n\t\t\t\t<\/div>\n\t\t\t\t<div class=\"elementor-element elementor-element-695c3aa4 elementor-widget elementor-widget-text-editor\" data-id=\"695c3aa4\" data-element_type=\"widget\" data-widget_type=\"text-editor.default\">\n\t\t\t\t<div class=\"elementor-widget-container\">\n\t\t\t\t\t\t\t<ul><li>Build long-term relationships with our customers by continually meeting their expectations and recognizing their future needs.<br \/><br \/><\/li><li>Satisfy your customer&#039;s needs at the right time and with the maximum content you expect.<br \/><br \/><\/li><li>We always know who (why) has a place and it should always be in place.<br \/><br \/><\/li><li>Recognize the changing business circumstances in a timely manner and respond to them as soon as possible, taking into account our capabilities.<br \/><br \/><\/li><li>We protect the interests of our customers, employees and our organization by acting responsibly and in compliance with legal requirements.<br \/><br \/><\/li><li>We create added value with our work, always keeping the interests of our customers in mind.<br \/><br \/><\/li><li>We are constantly developing our systems, thus supporting the interests of our customers.<br \/><br \/><\/li><li>Educate, develop and inform our employees, because without it it is impossible to achieve our long-term goals.<br \/><br \/><\/li><li>We always act in accordance with the legal regulations, we develop our organization.<br \/><br \/><\/li><li>Let us focus on the safety of our employees to the maximum, as people are always the first and most important factor.<br \/><br \/><\/li><li>The maximum goal of our organization is to improve the long-term quality and performance of our customers. Our goal is continuous development while maintaining capacity.<br \/><br \/><\/li><li>Each of our employees has many years of experience in the automotive industry or in quality assurance, and we will continue to focus on this in the future.<br \/><br \/><\/li><li>Our goal is to be fully integrated into our customer team, as if we were part of their organization, but with our customers in mind and know that we add value to their processes.<\/li><\/ul>\t\t\t\t\t\t<\/div>\n\t\t\t\t<\/div>\n\t\t\t\t\t<\/div>\n\t\t<\/div>\n\t\t\t\t\t\t\t<\/div>\n\t\t<\/section>\n\t\t\t\t\t\t\t<\/div>","protected":false},"excerpt":{"rendered":"<p>A V&amp;V Femzol Kft. 100%-os magyar tulajdonban l\u00e9v\u0151 ipari, min\u0151s\u00e9g\u00fcgyi v\u00e1llalkoz\u00e1s, mely stabil, megb\u00edzhat\u00f3 szolg\u00e1ltat\u00e1st ny\u00fajt megrendel\u0151i sz\u00e1m\u00e1ra.C\u00e9g\u00fcnk 2013-ban j\u00f6tt l\u00e9tre bakonycsernyei sz\u00e9khellyel, mely kezdetek \u00f3ta kimagasl\u00f3an gyors reakci\u00f3id\u0151vel, hat\u00e9konys\u00e1ggal \u00e1ll k\u00fcl\u00f6nb\u00f6z\u0151 v\u00e1llalatok, v\u00e1llalkoz\u00e1sok rendelkez\u00e9s\u00e9re. C\u00e9g\u00fcnk dolgoz\u00f3inak munk\u00e1ba j\u00e1r\u00e1s\u00e1t saj\u00e1t szem\u00e9lyaut\u00f3ival, c\u00e9ges kisbuszaival, saj\u00e1t alkalmaz\u00e1sban \u00e1ll\u00f3 sof\u0151rjeivel oldja meg, melynek k\u00f6lts\u00e9g\u00e9t belekalkul\u00e1lja a partnereinkkel k\u00f6t\u00f6tt [&hellip;]<\/p>","protected":false},"author":1,"featured_media":0,"parent":0,"menu_order":0,"comment_status":"closed","ping_status":"closed","template":"","meta":{"footnotes":""},"class_list":["post-134","page","type-page","status-publish","hentry"],"_links":{"self":[{"href":"https:\/\/femzol.hu\/en\/wp-json\/wp\/v2\/pages\/134"}],"collection":[{"href":"https:\/\/femzol.hu\/en\/wp-json\/wp\/v2\/pages"}],"about":[{"href":"https:\/\/femzol.hu\/en\/wp-json\/wp\/v2\/types\/page"}],"author":[{"embeddable":true,"href":"https:\/\/femzol.hu\/en\/wp-json\/wp\/v2\/users\/1"}],"replies":[{"embeddable":true,"href":"https:\/\/femzol.hu\/en\/wp-json\/wp\/v2\/comments?post=134"}],"version-history":[{"count":3,"href":"https:\/\/femzol.hu\/en\/wp-json\/wp\/v2\/pages\/134\/revisions"}],"predecessor-version":[{"id":2956,"href":"https:\/\/femzol.hu\/en\/wp-json\/wp\/v2\/pages\/134\/revisions\/2956"}],"wp:attachment":[{"href":"https:\/\/femzol.hu\/en\/wp-json\/wp\/v2\/media?parent=134"}],"curies":[{"name":"wp","href":"https:\/\/api.w.org\/{rel}","templated":true}]}}