{"id":11,"date":"2021-10-24T10:54:41","date_gmt":"2021-10-24T10:54:41","guid":{"rendered":"http:\/\/femzol.hu\/fiokom\/"},"modified":"2021-11-11T17:57:38","modified_gmt":"2021-11-11T17:57:38","slug":"fiokom","status":"publish","type":"page","link":"https:\/\/femzol.hu\/sk\/fiokom\/","title":{"rendered":"A fi\u00f3kom"},"content":{"rendered":"<div data-elementor-type=\"wp-page\" data-elementor-id=\"11\" class=\"elementor elementor-11\">\n\t\t\t\t\t\t\t\t\t<section class=\"elementor-section elementor-top-section elementor-element elementor-element-5a665cc elementor-section-full_width elementor-section-height-min-height elementor-section-height-default elementor-section-items-middle\" data-id=\"5a665cc\" data-element_type=\"section\" data-settings=\"{&quot;background_background&quot;:&quot;classic&quot;}\">\n\t\t\t\t\t\t<div class=\"elementor-container elementor-column-gap-no\">\n\t\t\t\t\t<div class=\"elementor-column elementor-col-100 elementor-top-column elementor-element elementor-element-6a0eb2c\" data-id=\"6a0eb2c\" data-element_type=\"column\">\n\t\t\t<div class=\"elementor-widget-wrap\">\n\t\t\t\t\t\t\t\t\t<\/div>\n\t\t<\/div>\n\t\t\t\t\t\t\t<\/div>\n\t\t<\/section>\n\t\t\t\t<section class=\"elementor-section elementor-top-section elementor-element elementor-element-4c808328 elementor-section-boxed elementor-section-height-default elementor-section-height-default\" data-id=\"4c808328\" data-element_type=\"section\">\n\t\t\t\t\t\t<div class=\"elementor-container elementor-column-gap-default\">\n\t\t\t\t\t<div class=\"elementor-column elementor-col-100 elementor-top-column elementor-element elementor-element-6807147d\" data-id=\"6807147d\" data-element_type=\"column\">\n\t\t\t<div class=\"elementor-widget-wrap\">\n\t\t\t\t\t\t\t\t\t<\/div>\n\t\t<\/div>\n\t\t\t\t\t\t\t<\/div>\n\t\t<\/section>\n\t\t\t\t\t\t\t<\/div>","protected":false},"excerpt":{"rendered":"<p>[[woocommerce_my_account]] Vez\u00e9rl\u0151pult Rendel\u00e9seim Let\u00f6lt\u00e9sek C\u00edmek Fizet\u00e9si m\u00f3dok PayPal payments Fi\u00f3k inform\u00e1ci\u00f3k Kijelentkez\u00e9s \u00dcdv neumannpatrik! (nem neumannpatrik vagy? Kijelentkez\u00e9s) A fi\u00f3kban megtekinthet\u0151k a legut\u00f3bbi rendel\u00e9sek, m\u00f3dos\u00edthat\u00f3k a sz\u00e1ll\u00edt\u00e1si \u00e9s sz\u00e1ml\u00e1z\u00e1si c\u00edmek \u00e9s szerkeszthet\u0151 a jelsz\u00f3, valamint egy\u00e9b fi\u00f3k adatok.<\/p>","protected":false},"author":1,"featured_media":0,"parent":0,"menu_order":0,"comment_status":"closed","ping_status":"closed","template":"","meta":{"footnotes":""},"class_list":["post-11","page","type-page","status-publish","hentry"],"_links":{"self":[{"href":"https:\/\/femzol.hu\/sk\/wp-json\/wp\/v2\/pages\/11"}],"collection":[{"href":"https:\/\/femzol.hu\/sk\/wp-json\/wp\/v2\/pages"}],"about":[{"href":"https:\/\/femzol.hu\/sk\/wp-json\/wp\/v2\/types\/page"}],"author":[{"embeddable":true,"href":"https:\/\/femzol.hu\/sk\/wp-json\/wp\/v2\/users\/1"}],"replies":[{"embeddable":true,"href":"https:\/\/femzol.hu\/sk\/wp-json\/wp\/v2\/comments?post=11"}],"version-history":[{"count":24,"href":"https:\/\/femzol.hu\/sk\/wp-json\/wp\/v2\/pages\/11\/revisions"}],"predecessor-version":[{"id":2842,"href":"https:\/\/femzol.hu\/sk\/wp-json\/wp\/v2\/pages\/11\/revisions\/2842"}],"wp:attachment":[{"href":"https:\/\/femzol.hu\/sk\/wp-json\/wp\/v2\/media?parent=11"}],"curies":[{"name":"wp","href":"https:\/\/api.w.org\/{rel}","templated":true}]}}