{"id":134,"date":"2021-10-26T16:37:58","date_gmt":"2021-10-26T16:37:58","guid":{"rendered":"http:\/\/femzol.hu\/?page_id=134"},"modified":"2021-11-22T11:13:06","modified_gmt":"2021-11-22T11:13:06","slug":"cegunkrol","status":"publish","type":"page","link":"https:\/\/femzol.hu\/sk\/cegunkrol\/","title":{"rendered":"C\u00e9g\u00fcnkr\u0151l"},"content":{"rendered":"<div data-elementor-type=\"wp-page\" data-elementor-id=\"134\" class=\"elementor elementor-134\">\n\t\t\t\t\t\t\t\t\t<section class=\"elementor-section elementor-top-section elementor-element elementor-element-246f72c elementor-section-full_width elementor-section-height-min-height elementor-section-height-default elementor-section-items-middle\" data-id=\"246f72c\" data-element_type=\"section\" data-settings=\"{&quot;background_background&quot;:&quot;classic&quot;}\">\n\t\t\t\t\t\t<div class=\"elementor-container elementor-column-gap-no\">\n\t\t\t\t\t<div class=\"elementor-column elementor-col-100 elementor-top-column elementor-element elementor-element-2a3ea9d\" data-id=\"2a3ea9d\" data-element_type=\"column\">\n\t\t\t<div class=\"elementor-widget-wrap\">\n\t\t\t\t\t\t\t\t\t<\/div>\n\t\t<\/div>\n\t\t\t\t\t\t\t<\/div>\n\t\t<\/section>\n\t\t\t\t<section class=\"elementor-section elementor-top-section elementor-element elementor-element-12fe54f elementor-section-height-min-height elementor-section-items-top elementor-section-boxed elementor-section-height-default\" data-id=\"12fe54f\" data-element_type=\"section\" id=\"munkaero\" data-settings=\"{&quot;background_background&quot;:&quot;classic&quot;}\">\n\t\t\t\t\t\t\t<div class=\"elementor-background-overlay\"><\/div>\n\t\t\t\t\t\t\t<div class=\"elementor-container elementor-column-gap-default\">\n\t\t\t\t\t<div class=\"elementor-column elementor-col-100 elementor-top-column elementor-element elementor-element-7f852e0d\" data-id=\"7f852e0d\" data-element_type=\"column\">\n\t\t\t<div class=\"elementor-widget-wrap elementor-element-populated\">\n\t\t\t\t\t\t\t\t<section class=\"elementor-section elementor-inner-section elementor-element elementor-element-cd09b84 elementor-section-boxed elementor-section-height-default elementor-section-height-default\" data-id=\"cd09b84\" data-element_type=\"section\">\n\t\t\t\t\t\t<div class=\"elementor-container elementor-column-gap-default\">\n\t\t\t\t\t<div class=\"elementor-column elementor-col-50 elementor-inner-column elementor-element elementor-element-a874586\" data-id=\"a874586\" data-element_type=\"column\">\n\t\t\t<div class=\"elementor-widget-wrap elementor-element-populated\">\n\t\t\t\t\t\t\t\t<div class=\"elementor-element elementor-element-2052a52 elementor-widget elementor-widget-text-editor\" data-id=\"2052a52\" data-element_type=\"widget\" data-widget_type=\"text-editor.default\">\n\t\t\t\t<div class=\"elementor-widget-container\">\n\t\t\t<style>\/*! elementor - v3.7.1 - 14-08-2022 *\/\n.elementor-widget-text-editor.elementor-drop-cap-view-stacked .elementor-drop-cap{background-color:#818a91;color:#fff}.elementor-widget-text-editor.elementor-drop-cap-view-framed .elementor-drop-cap{color:#818a91;border:3px solid;background-color:transparent}.elementor-widget-text-editor:not(.elementor-drop-cap-view-default) .elementor-drop-cap{margin-top:8px}.elementor-widget-text-editor:not(.elementor-drop-cap-view-default) .elementor-drop-cap-letter{width:1em;height:1em}.elementor-widget-text-editor .elementor-drop-cap{float:left;text-align:center;line-height:1;font-size:50px}.elementor-widget-text-editor .elementor-drop-cap-letter{display:inline-block}<\/style>\t\t\t\t<p>A V&amp;V Femzol Kft. 100%-os magyar tulajdonban l\u00e9v\u0151 ipari, min\u0151s\u00e9g\u00fcgyi v\u00e1llalkoz\u00e1s, mely stabil, megb\u00edzhat\u00f3 szolg\u00e1ltat\u00e1st ny\u00fajt megrendel\u0151i sz\u00e1m\u00e1ra.<br \/>C\u00e9g\u00fcnk 2013-ban j\u00f6tt l\u00e9tre bakonycsernyei sz\u00e9khellyel, mely kezdetek \u00f3ta kimagasl\u00f3an gyors reakci\u00f3id\u0151vel, hat\u00e9konys\u00e1ggal \u00e1ll k\u00fcl\u00f6nb\u00f6z\u0151 v\u00e1llalatok, v\u00e1llalkoz\u00e1sok rendelkez\u00e9s\u00e9re.<\/p><p>C\u00e9g\u00fcnk dolgoz\u00f3inak munk\u00e1ba j\u00e1r\u00e1s\u00e1t saj\u00e1t szem\u00e9lyaut\u00f3ival, c\u00e9ges kisbuszaival, saj\u00e1t alkalmaz\u00e1sban \u00e1ll\u00f3 sof\u0151rjeivel oldja meg, melynek k\u00f6lts\u00e9g\u00e9t belekalkul\u00e1lja a partnereinkkel k\u00f6t\u00f6tt szerz\u0151d\u00e9s \u00e1r\u00e1ba, \u00edgy a kialkudott \u00e1ron fel\u00fcl semmif\u00e9le plusz k\u00f6lts\u00e9ggel nem kell sz\u00e1molniuk megrendel\u0151inknek.<\/p><p>Rendelkez\u00fcnk saj\u00e1t munk\u00e1ssz\u00e1ll\u00f3val \u00e9s telephellyel, melyet k\u00e9r\u00e9s eset\u00e9n b\u00e1rmilyen ig\u00e9nyelt tev\u00e9kenys\u00e9gre z\u00e1ros hat\u00e1rid\u0151n bel\u00fcl be tudunk rendezni.<\/p>\t\t\t\t\t\t<\/div>\n\t\t\t\t<\/div>\n\t\t\t\t\t<\/div>\n\t\t<\/div>\n\t\t\t\t<div class=\"elementor-column elementor-col-50 elementor-inner-column elementor-element elementor-element-2c40909 elementor-hidden-tablet elementor-hidden-mobile\" data-id=\"2c40909\" data-element_type=\"column\">\n\t\t\t<div class=\"elementor-widget-wrap elementor-element-populated\">\n\t\t\t\t\t\t\t\t<div class=\"elementor-element elementor-element-1467cd8 elementor-widget elementor-widget-image\" data-id=\"1467cd8\" data-element_type=\"widget\" data-widget_type=\"image.default\">\n\t\t\t\t<div class=\"elementor-widget-container\">\n\t\t\t<style>\/*! elementor - v3.7.1 - 14-08-2022 *\/\n.elementor-widget-image{text-align:center}.elementor-widget-image a{display:inline-block}.elementor-widget-image a img[src$=\".svg\"]{width:48px}.elementor-widget-image img{vertical-align:middle;display:inline-block}<\/style>\t\t\t\t\t\t\t\t\t\t\t\t<img loading=\"lazy\" decoding=\"async\" width=\"600\" height=\"400\" src=\"https:\/\/femzol.hu\/wp-content\/uploads\/2021\/10\/rolunk.webp\" class=\"attachment-large size-large\" alt=\"\" srcset=\"https:\/\/femzol.hu\/wp-content\/uploads\/2021\/10\/rolunk.webp 600w, https:\/\/femzol.hu\/wp-content\/uploads\/2021\/10\/rolunk-300x200.webp 300w\" sizes=\"(max-width: 600px) 100vw, 600px\" \/>\t\t\t\t\t\t\t\t\t\t\t\t\t\t\t<\/div>\n\t\t\t\t<\/div>\n\t\t\t\t\t<\/div>\n\t\t<\/div>\n\t\t\t\t\t\t\t<\/div>\n\t\t<\/section>\n\t\t\t\t<div class=\"elementor-element elementor-element-bc39447 elementor-widget elementor-widget-heading\" data-id=\"bc39447\" data-element_type=\"widget\" data-widget_type=\"heading.default\">\n\t\t\t\t<div class=\"elementor-widget-container\">\n\t\t\t<style>\/*! elementor - v3.7.1 - 14-08-2022 *\/\n.elementor-heading-title{padding:0;margin:0;line-height:1}.elementor-widget-heading .elementor-heading-title[class*=elementor-size-]>a{color:inherit;font-size:inherit;line-height:inherit}.elementor-widget-heading .elementor-heading-title.elementor-size-small{font-size:15px}.elementor-widget-heading .elementor-heading-title.elementor-size-medium{font-size:19px}.elementor-widget-heading .elementor-heading-title.elementor-size-large{font-size:29px}.elementor-widget-heading .elementor-heading-title.elementor-size-xl{font-size:39px}.elementor-widget-heading .elementor-heading-title.elementor-size-xxl{font-size:59px}<\/style><h2 class=\"elementor-heading-title elementor-size-medium\">K\u00fcldet\u00e9s\u00fcnk<\/h2>\t\t<\/div>\n\t\t\t\t<\/div>\n\t\t\t\t<div class=\"elementor-element elementor-element-695c3aa4 elementor-widget elementor-widget-text-editor\" data-id=\"695c3aa4\" data-element_type=\"widget\" data-widget_type=\"text-editor.default\">\n\t\t\t\t<div class=\"elementor-widget-container\">\n\t\t\t\t\t\t\t<ul><li>\u00c9p\u00edts\u00fcnk ki hossz\u00fa t\u00e1v\u00fa kapcsolatokat vev\u0151inkkel az\u00e1ltal, hogy folyamatosan kiel\u00e9g\u00edtj\u00fck az elv\u00e1r\u00e1saikat \u00e9s felismerj\u00fck a j\u00f6v\u0151beni sz\u00fcks\u00e9gleteiket.<br \/><br \/><\/li><li>El\u00e9g\u00edts\u00fck ki a vev\u0151i ig\u00e9nyeket mindig megfelel\u0151 id\u0151ben \u00e9s az \u00e1ltala elv\u00e1rt maxim\u00e1lis tartalommal.<br \/><br \/><\/li><li>Tudjuk mindig azt, hogy kinek (minek) hol van a helye, \u00e9s az mindig a hely\u00e9n is legyen.<br \/><br \/><\/li><li>Ismerj\u00fck fel id\u0151ben a v\u00e1ltoz\u00f3 \u00fczleti k\u00f6r\u00fclm\u00e9nyeket, \u00e9s ezekre reag\u00e1ljunk is a legr\u00f6videbb id\u0151n bel\u00fcl, a lehet\u0151s\u00e9geinket figyelembe v\u00e9ve.<br \/><br \/><\/li><li>V\u00e9dj\u00fck megrendel\u0151ink, dolgoz\u00f3ink, szervezet\u00fcnk \u00e9rdekeit felel\u0151ss\u00e9gteljes magatart\u00e1ssal, munkav\u00e9gz\u00e9ssel a t\u00f6rv\u00e9nyi el\u0151\u00edr\u00e1sok figyelembe v\u00e9tel\u00e9vel.<br \/><br \/><\/li><li>Munk\u00e1nkkal hozz\u00e1adott \u00e9rt\u00e9ket teremts\u00fcnk megrendel\u0151ink \u00e9rdekeit mindig szem el\u0151tt tartva.<br \/><br \/><\/li><li>Folyamatosan fejlessz\u00fck rendszereinket, ezzel is t\u00e1mogatva vev\u0151ink \u00e9rdekeit.<br \/><br \/><\/li><li>Dolgoz\u00f3inkat oktassuk, fejlessz\u00fck, t\u00e1j\u00e9koztassuk, mivel en\u00e9lk\u00fcl lehetetlen hossz\u00fat\u00e1von c\u00e9ljaink megval\u00f3s\u00edt\u00e1sa.<br \/><br \/><\/li><li>Mindig a t\u00f6rv\u00e9nyi el\u0151\u00edr\u00e1sok figyelembe v\u00e9tel\u00e9vel, betart\u00e1s\u00e1val cselekedj\u00fcnk, fejlessz\u00fck szervezet\u00fcnket.<br \/><br \/><\/li><li>Dolgoz\u00f3ink biztons\u00e1g\u00e1ra maxim\u00e1lisan f\u00f3kusz\u00e1ljunk, mivel mindig az ember az els\u0151 \u00e9s a legfontosabb t\u00e9nyez\u0151.<br \/><br \/><\/li><li>Szervezet\u00fcnknek maxim\u00e1lis c\u00e9lja vev\u0151ink hossz\u00fat\u00e1v\u00fa min\u0151s\u00e9g\u00e9nek \u00e9s teljes\u00edtm\u00e9ny\u00e9nek a fejleszt\u00e9se. C\u00e9lunk a kapacit\u00e1s fenntart\u00e1sa melletti folyamatos fejleszt\u00e9s.<br \/><br \/><\/li><li>Dolgoz\u00f3ink mindegyike t\u00f6bb\u00e9ves aut\u00f3ipari, vagy min\u0151s\u00e9gbiztos\u00edt\u00e1sban szerzett tapasztalattal rendelkezik, \u00e9s erre a j\u00f6v\u0151ben is kiemelten f\u00f3kusz\u00e1lni fogunk.<br \/><br \/><\/li><li>C\u00e9lunk a maxim\u00e1lis beintegr\u00e1l\u00f3d\u00e1s megrendel\u0151ink csapat\u00e1ba, mintha mi is az \u0151 szervezet\u00fck r\u00e9sze lenn\u00e9nk, de azt szem el\u0151tt tartva, hogy vev\u0151ink \u00e9rezz\u00e9k, \u00e9s tudj\u00e1k, hogy \u00e9rt\u00e9ket adunk az \u0151 folyamataikhoz.<\/li><\/ul>\t\t\t\t\t\t<\/div>\n\t\t\t\t<\/div>\n\t\t\t\t\t<\/div>\n\t\t<\/div>\n\t\t\t\t\t\t\t<\/div>\n\t\t<\/section>\n\t\t\t\t\t\t\t<\/div>","protected":false},"excerpt":{"rendered":"<p>A V&amp;V Femzol Kft. 100%-os magyar tulajdonban l\u00e9v\u0151 ipari, min\u0151s\u00e9g\u00fcgyi v\u00e1llalkoz\u00e1s, mely stabil, megb\u00edzhat\u00f3 szolg\u00e1ltat\u00e1st ny\u00fajt megrendel\u0151i sz\u00e1m\u00e1ra.C\u00e9g\u00fcnk 2013-ban j\u00f6tt l\u00e9tre bakonycsernyei sz\u00e9khellyel, mely kezdetek \u00f3ta kimagasl\u00f3an gyors reakci\u00f3id\u0151vel, hat\u00e9konys\u00e1ggal \u00e1ll k\u00fcl\u00f6nb\u00f6z\u0151 v\u00e1llalatok, v\u00e1llalkoz\u00e1sok rendelkez\u00e9s\u00e9re. C\u00e9g\u00fcnk dolgoz\u00f3inak munk\u00e1ba j\u00e1r\u00e1s\u00e1t saj\u00e1t szem\u00e9lyaut\u00f3ival, c\u00e9ges kisbuszaival, saj\u00e1t alkalmaz\u00e1sban \u00e1ll\u00f3 sof\u0151rjeivel oldja meg, melynek k\u00f6lts\u00e9g\u00e9t belekalkul\u00e1lja a partnereinkkel k\u00f6t\u00f6tt [&hellip;]<\/p>","protected":false},"author":1,"featured_media":0,"parent":0,"menu_order":0,"comment_status":"closed","ping_status":"closed","template":"","meta":{"footnotes":""},"class_list":["post-134","page","type-page","status-publish","hentry"],"_links":{"self":[{"href":"https:\/\/femzol.hu\/sk\/wp-json\/wp\/v2\/pages\/134"}],"collection":[{"href":"https:\/\/femzol.hu\/sk\/wp-json\/wp\/v2\/pages"}],"about":[{"href":"https:\/\/femzol.hu\/sk\/wp-json\/wp\/v2\/types\/page"}],"author":[{"embeddable":true,"href":"https:\/\/femzol.hu\/sk\/wp-json\/wp\/v2\/users\/1"}],"replies":[{"embeddable":true,"href":"https:\/\/femzol.hu\/sk\/wp-json\/wp\/v2\/comments?post=134"}],"version-history":[{"count":3,"href":"https:\/\/femzol.hu\/sk\/wp-json\/wp\/v2\/pages\/134\/revisions"}],"predecessor-version":[{"id":2956,"href":"https:\/\/femzol.hu\/sk\/wp-json\/wp\/v2\/pages\/134\/revisions\/2956"}],"wp:attachment":[{"href":"https:\/\/femzol.hu\/sk\/wp-json\/wp\/v2\/media?parent=134"}],"curies":[{"name":"wp","href":"https:\/\/api.w.org\/{rel}","templated":true}]}}