{"id":720,"date":"2021-10-28T07:40:40","date_gmt":"2021-10-28T07:40:40","guid":{"rendered":"http:\/\/femzol.hu\/?page_id=720"},"modified":"2021-11-22T11:11:56","modified_gmt":"2021-11-22T11:11:56","slug":"job-kezdolap","status":"publish","type":"page","link":"https:\/\/femzol.hu\/sk\/job-kezdolap\/","title":{"rendered":"Kezd\u0151lap"},"content":{"rendered":"<div data-elementor-type=\"wp-page\" data-elementor-id=\"720\" class=\"elementor elementor-720\">\n\t\t\t\t\t\t\t\t\t<section class=\"elementor-section elementor-top-section elementor-element elementor-element-7d1d12da elementor-section-boxed elementor-section-height-default elementor-section-height-default\" data-id=\"7d1d12da\" data-element_type=\"section\" id=\"szolgaltatasok\" data-settings=\"{&quot;background_background&quot;:&quot;classic&quot;}\">\n\t\t\t\t\t\t\t<div class=\"elementor-background-overlay\"><\/div>\n\t\t\t\t\t\t\t<div class=\"elementor-container elementor-column-gap-no\">\n\t\t\t\t\t<div class=\"elementor-column elementor-col-100 elementor-top-column elementor-element elementor-element-367911fb\" data-id=\"367911fb\" data-element_type=\"column\">\n\t\t\t<div class=\"elementor-widget-wrap elementor-element-populated\">\n\t\t\t\t\t\t\t\t<div class=\"elementor-element elementor-element-5cec9563 elementor-widget elementor-widget-heading\" data-id=\"5cec9563\" data-element_type=\"widget\" data-widget_type=\"heading.default\">\n\t\t\t\t<div class=\"elementor-widget-container\">\n\t\t\t<style>\/*! elementor - v3.7.1 - 14-08-2022 *\/\n.elementor-heading-title{padding:0;margin:0;line-height:1}.elementor-widget-heading .elementor-heading-title[class*=elementor-size-]>a{color:inherit;font-size:inherit;line-height:inherit}.elementor-widget-heading .elementor-heading-title.elementor-size-small{font-size:15px}.elementor-widget-heading .elementor-heading-title.elementor-size-medium{font-size:19px}.elementor-widget-heading .elementor-heading-title.elementor-size-large{font-size:29px}.elementor-widget-heading .elementor-heading-title.elementor-size-xl{font-size:39px}.elementor-widget-heading .elementor-heading-title.elementor-size-xxl{font-size:59px}<\/style><h2 class=\"elementor-heading-title elementor-size-large\">AMI\u00c9RT \u00c9RDEMES A V&V FeMZol Kft.-t V\u00c1LASZTANIUK\n\n<\/h2>\t\t<\/div>\n\t\t\t\t<\/div>\n\t\t\t\t<section class=\"elementor-section elementor-inner-section elementor-element elementor-element-0863680 elementor-section-boxed elementor-section-height-default elementor-section-height-default\" data-id=\"0863680\" data-element_type=\"section\">\n\t\t\t\t\t\t<div class=\"elementor-container elementor-column-gap-default\">\n\t\t\t\t\t<div class=\"elementor-column elementor-col-100 elementor-inner-column elementor-element elementor-element-a88df02\" data-id=\"a88df02\" data-element_type=\"column\">\n\t\t\t<div class=\"elementor-widget-wrap elementor-element-populated\">\n\t\t\t\t\t\t\t\t<div class=\"elementor-element elementor-element-b6ce202 elementor-widget elementor-widget-text-editor\" data-id=\"b6ce202\" data-element_type=\"widget\" data-widget_type=\"text-editor.default\">\n\t\t\t\t<div class=\"elementor-widget-container\">\n\t\t\t<style>\/*! elementor - v3.7.1 - 14-08-2022 *\/\n.elementor-widget-text-editor.elementor-drop-cap-view-stacked .elementor-drop-cap{background-color:#818a91;color:#fff}.elementor-widget-text-editor.elementor-drop-cap-view-framed .elementor-drop-cap{color:#818a91;border:3px solid;background-color:transparent}.elementor-widget-text-editor:not(.elementor-drop-cap-view-default) .elementor-drop-cap{margin-top:8px}.elementor-widget-text-editor:not(.elementor-drop-cap-view-default) .elementor-drop-cap-letter{width:1em;height:1em}.elementor-widget-text-editor .elementor-drop-cap{float:left;text-align:center;line-height:1;font-size:50px}.elementor-widget-text-editor .elementor-drop-cap-letter{display:inline-block}<\/style>\t\t\t\t<ul><li>Nem vesz\u00e9lyeztetj\u00fck Megb\u00edz\u00f3inkat azzal, hogy illeg\u00e1lis m\u0171k\u00f6d\u00e9s k\u00f6vetkezt\u00e9ben a hat\u00f3s\u00e1gok vagy a m\u00e9dia c\u00e9lpontjaiv\u00e1 v\u00e1ljanak k\u00f6zvetett vagy k\u00f6zvetlen m\u00f3don.<\/li><li>Biztos\u00edtjuk, hogy a helysz\u00ednen dolgoz\u00f3 koll\u00e9g\u00e1ink \u00fcgyf\u00e9lbar\u00e1t m\u00f3don \u00e9s professzion\u00e1lisan v\u00e9gzik munk\u00e1jukat, Megb\u00edz\u00f3 ig\u00e9nyeinek megfelel\u0151en.<\/li><li>T\u00f6bb \u00e9ves tapasztalattal rendelkez\u00fcnk.<\/li><li>Biztos\u00edtjuk minden t\u00f6rv\u00e9nyi el\u0151\u00edr\u00e1s elfogad\u00e1s\u00e1t \u00e9s tiszteletben tart\u00e1s\u00e1t, \u00f6sszhangban az eszm\u00e9nkkel.<\/li><li>Rendelkez\u00fcnk a sz\u00fcks\u00e9ges ismeretekkel \u00e9s gyakorlattal az el\u0151\u00edr\u00e1sok szerinti munkav\u00e9gz\u00e9shez.<\/li><li>Rendelkez\u00fcnk a sz\u00fcks\u00e9ges kapacit\u00e1sokkal, tud\u00e1ssal \u00e9s szervezeti fel\u00e9p\u00edt\u00e9ssel, hogy eleget tegy\u00fcnk a felmer\u00fcl\u0151 extra ig\u00e9nyeknek.<\/li><li>Rendelkez\u00fcnk a sz\u00fcks\u00e9ges kommunik\u00e1ci\u00f3s \u00e9s jelent\u00e9si rendszerekkel, hogy t\u00e1mogassuk az \u00d6n\u00f6k KPI rendszer\u00e9t.<\/li><\/ul>\t\t\t\t\t\t<\/div>\n\t\t\t\t<\/div>\n\t\t\t\t\t<\/div>\n\t\t<\/div>\n\t\t\t\t\t\t\t<\/div>\n\t\t<\/section>\n\t\t\t\t<section class=\"elementor-section elementor-inner-section elementor-element elementor-element-2067084 elementor-section-boxed elementor-section-height-default elementor-section-height-default\" data-id=\"2067084\" data-element_type=\"section\">\n\t\t\t\t\t\t<div class=\"elementor-container elementor-column-gap-default\">\n\t\t\t\t\t<div class=\"elementor-column elementor-col-50 elementor-inner-column elementor-element elementor-element-74a39c4\" data-id=\"74a39c4\" data-element_type=\"column\">\n\t\t\t<div class=\"elementor-widget-wrap elementor-element-populated\">\n\t\t\t\t\t\t\t\t<div class=\"elementor-element elementor-element-5a48db8 elementor-mobile-align-center termekeink_button elementor-widget elementor-widget-button\" data-id=\"5a48db8\" data-element_type=\"widget\" data-widget_type=\"button.default\">\n\t\t\t\t<div class=\"elementor-widget-container\">\n\t\t\t\t\t<div class=\"elementor-button-wrapper\">\n\t\t\t<a href=\"https:\/\/femzol.hu\/sk\/termekeink\/\" class=\"elementor-button-link elementor-button elementor-size-sm\" role=\"button\">\n\t\t\t\t\t\t<span class=\"elementor-button-content-wrapper\">\n\t\t\t\t\t\t\t<span class=\"elementor-button-icon elementor-align-icon-right\">\n\t\t\t\t<i aria-hidden=\"true\" class=\"fas fa-arrow-up\"><\/i>\t\t\t<\/span>\n\t\t\t\t\t\t<span class=\"elementor-button-text\">Term\u00e9keink<\/span>\n\t\t<\/span>\n\t\t\t\t\t<\/a>\n\t\t<\/div>\n\t\t\t\t<\/div>\n\t\t\t\t<\/div>\n\t\t\t\t\t<\/div>\n\t\t<\/div>\n\t\t\t\t<div class=\"elementor-column elementor-col-50 elementor-inner-column elementor-element elementor-element-ef3c5d7\" data-id=\"ef3c5d7\" data-element_type=\"column\">\n\t\t\t<div class=\"elementor-widget-wrap elementor-element-populated\">\n\t\t\t\t\t\t\t\t<div class=\"elementor-element elementor-element-73f3b96 elementor-mobile-align-center elementor-widget elementor-widget-button\" data-id=\"73f3b96\" data-element_type=\"widget\" data-widget_type=\"button.default\">\n\t\t\t\t<div class=\"elementor-widget-container\">\n\t\t\t\t\t<div class=\"elementor-button-wrapper\">\n\t\t\t<a href=\"https:\/\/femzol.hu\/sk\/cegunkrol\/\" class=\"elementor-button-link elementor-button elementor-size-sm\" role=\"button\">\n\t\t\t\t\t\t<span class=\"elementor-button-content-wrapper\">\n\t\t\t\t\t\t\t<span class=\"elementor-button-icon elementor-align-icon-right\">\n\t\t\t\t<i aria-hidden=\"true\" class=\"fas fa-arrow-up\"><\/i>\t\t\t<\/span>\n\t\t\t\t\t\t<span class=\"elementor-button-text\">C\u00e9g\u00fcnkr\u0151l<\/span>\n\t\t<\/span>\n\t\t\t\t\t<\/a>\n\t\t<\/div>\n\t\t\t\t<\/div>\n\t\t\t\t<\/div>\n\t\t\t\t\t<\/div>\n\t\t<\/div>\n\t\t\t\t\t\t\t<\/div>\n\t\t<\/section>\n\t\t\t\t\t<\/div>\n\t\t<\/div>\n\t\t\t\t\t\t\t<\/div>\n\t\t<\/section>\n\t\t\t\t\t\t\t<\/div>","protected":false},"excerpt":{"rendered":"<p>AMI\u00c9RT \u00c9RDEMES A V&#038;V FeMZol Kft.-t V\u00c1LASZTANIUK Nem vesz\u00e9lyeztetj\u00fck Megb\u00edz\u00f3inkat azzal, hogy illeg\u00e1lis m\u0171k\u00f6d\u00e9s k\u00f6vetkezt\u00e9ben a hat\u00f3s\u00e1gok vagy a m\u00e9dia c\u00e9lpontjaiv\u00e1 v\u00e1ljanak k\u00f6zvetett vagy k\u00f6zvetlen m\u00f3don. Biztos\u00edtjuk, hogy a helysz\u00ednen dolgoz\u00f3 koll\u00e9g\u00e1ink \u00fcgyf\u00e9lbar\u00e1t m\u00f3don \u00e9s professzion\u00e1lisan v\u00e9gzik munk\u00e1jukat, Megb\u00edz\u00f3 ig\u00e9nyeinek megfelel\u0151en. T\u00f6bb \u00e9ves tapasztalattal rendelkez\u00fcnk. Biztos\u00edtjuk minden t\u00f6rv\u00e9nyi el\u0151\u00edr\u00e1s elfogad\u00e1s\u00e1t \u00e9s tiszteletben tart\u00e1s\u00e1t, \u00f6sszhangban az [&hellip;]<\/p>","protected":false},"author":1,"featured_media":0,"parent":0,"menu_order":0,"comment_status":"closed","ping_status":"closed","template":"","meta":{"footnotes":""},"class_list":["post-720","page","type-page","status-publish","hentry"],"_links":{"self":[{"href":"https:\/\/femzol.hu\/sk\/wp-json\/wp\/v2\/pages\/720"}],"collection":[{"href":"https:\/\/femzol.hu\/sk\/wp-json\/wp\/v2\/pages"}],"about":[{"href":"https:\/\/femzol.hu\/sk\/wp-json\/wp\/v2\/types\/page"}],"author":[{"embeddable":true,"href":"https:\/\/femzol.hu\/sk\/wp-json\/wp\/v2\/users\/1"}],"replies":[{"embeddable":true,"href":"https:\/\/femzol.hu\/sk\/wp-json\/wp\/v2\/comments?post=720"}],"version-history":[{"count":6,"href":"https:\/\/femzol.hu\/sk\/wp-json\/wp\/v2\/pages\/720\/revisions"}],"predecessor-version":[{"id":2953,"href":"https:\/\/femzol.hu\/sk\/wp-json\/wp\/v2\/pages\/720\/revisions\/2953"}],"wp:attachment":[{"href":"https:\/\/femzol.hu\/sk\/wp-json\/wp\/v2\/media?parent=720"}],"curies":[{"name":"wp","href":"https:\/\/api.w.org\/{rel}","templated":true}]}}